{"id":21354,"date":"2025-04-03T15:23:37","date_gmt":"2025-04-03T19:23:37","guid":{"rendered":"https:\/\/www.myface.org\/?page_id=21354"},"modified":"2025-04-03T15:23:37","modified_gmt":"2025-04-03T19:23:37","slug":"grupo-de-apoyo","status":"publish","type":"page","link":"https:\/\/www.myface.org\/es\/online-groups\/grupo-de-apoyo\/","title":{"rendered":"Grupo de Apoyo"},"content":{"rendered":"<div class=\"wpb-content-wrapper\"><div class=\"vc_row wpb_row vc_row-fluid\"><div class=\"wpb_column vc_column_container vc_col-sm-12\"><div class=\"vc_column-inner\"><div class=\"wpb_wrapper\"><div class=\"ult-spacer spacer-69dbf84d02102\" data-id=\"69dbf84d02102\" data-height=\"75\" data-height-mobile=\"75\" data-height-tab=\"75\" data-height-tab-portrait=\"\" data-height-mobile-landscape=\"\" style=\"clear:both;display:block;\"><\/div><div class=\"vc_row wpb_row vc_inner vc_row-fluid\"><div class=\"wpb_column vc_column_container vc_col-sm-2\"><div class=\"vc_column-inner\"><div class=\"wpb_wrapper\"><div class=\"ult-spacer spacer-69dbf84d02290\" data-id=\"69dbf84d02290\" data-height=\"30\" data-height-mobile=\"30\" data-height-tab=\"30\" data-height-tab-portrait=\"\" data-height-mobile-landscape=\"\" style=\"clear:both;display:block;\"><\/div><\/div><\/div><\/div><div class=\"wpb_column vc_column_container vc_col-sm-8\"><div class=\"vc_column-inner\"><div class=\"wpb_wrapper\"><div id=\"ultimate-heading-11969dbf84d02342\" class=\"uvc-heading ult-adjust-bottom-margin ultimate-heading-11969dbf84d02342 uvc-7704\" data-hspacer=\"no_spacer\"  data-halign=\"center\" style=\"text-align:center\"><div class=\"uvc-heading-spacer no_spacer\" style=\"top\"><\/div><div class=\"uvc-sub-heading ult-responsive\"  data-ultimate-target='.uvc-heading.ultimate-heading-11969dbf84d02342 .uvc-sub-heading '  data-responsive-json-new='{\"font-size\":\"\",\"line-height\":\"\"}'  style=\"font-weight:normal;\"><\/p>\n<h1 style=\"text-align: center;\"><strong>Bienvenido al Grupo de Apoyo para Padres Hablantes de Espanol<\/strong><\/h1>\n<p><\/div><\/div><div class=\"ult-spacer spacer-69dbf84d0235a\" data-id=\"69dbf84d0235a\" data-height=\"25\" data-height-mobile=\"25\" data-height-tab=\"25\" data-height-tab-portrait=\"\" data-height-mobile-landscape=\"\" style=\"clear:both;display:block;\"><\/div>\n\t<div class=\"wpb_text_column wpb_content_element\" >\n\t\t<div class=\"wpb_wrapper\">\n\t\t\t<p>Gracias por su inter\u00e9s en unirse a nuestro\u00a0Grupo de Apoyo para Padres Hablantes de Espanol, un espacio seguro y de apoyo para padres que cr\u00edan ni\u00f1os con diferencias craneofaciales.<\/p>\n<p>Sabemos que navegar la atenci\u00f3n m\u00e9dica, el sistema escolar y la vida diaria puede ser abrumador a veces, y no tiene que hacerlo solo. Este grupo fue creado\u00a0por y para los padres, un lugar donde compartir experiencias, hacer preguntas, encontrar recursos y conectarse con otras familias que realmente comprenden.<\/p>\n<p>Las sesiones son facilitadas por un\u00a0profesional de salud mental capacitado, quien guiar\u00e1 las conversaciones y brindar\u00e1 apoyo experto en un ambiente seguro y acogedor.<\/p>\n<h3><strong>Qu\u00e9 Puede Esperar:<\/strong><\/h3>\n<ul>\n<li><strong>Una comunidad de apoyo<\/strong>\u00a0\u2013 Con\u00e9ctese con otros padres que comparten experiencias similares.<\/li>\n<li><strong>Conversaciones abiertas<\/strong>\u00a0\u2013 Hable sobre la crianza, el cuidado m\u00e9dico, la defensa de derechos y m\u00e1s.<\/li>\n<li><strong>Recursos \u00fatiles<\/strong>\u00a0\u2013 Conozca los servicios y apoyos disponibles.<\/li>\n<li><strong>Reuniones peri\u00f3dicas<\/strong>\u00a0\u2013 Las sesiones se llevan a cabo de forma virtual para mayor accesibilidad.<\/li>\n<\/ul>\n<p>Despu\u00e9s de enviar este formulario, nuestro equipo se comunicar\u00e1 con usted con m\u00e1s informaci\u00f3n sobre las pr\u00f3ximas reuniones y c\u00f3mo unirse. Nos encantar\u00eda darle la bienvenida al grupo.<\/p>\n<p>Nos alegra mucho que est\u00e9 aqu\u00ed.\u00a0<strong>No est\u00e1 solo.<\/strong><\/p>\n\n\t\t<\/div>\n\t<\/div>\n\n\t<div class=\"wpb_text_column wpb_content_element vc_custom_1692311507793\" >\n\t\t<div class=\"wpb_wrapper\">\n\t\t\t\n\t\t<\/div>\n\t<\/div>\n<\/div><\/div><\/div><div class=\"wpb_column vc_column_container vc_col-sm-2\"><div class=\"vc_column-inner\"><div class=\"wpb_wrapper\"><div class=\"ult-spacer spacer-69dbf84d02455\" data-id=\"69dbf84d02455\" data-height=\"30\" data-height-mobile=\"30\" data-height-tab=\"30\" data-height-tab-portrait=\"\" data-height-mobile-landscape=\"\" style=\"clear:both;display:block;\"><\/div><\/div><\/div><\/div><\/div><div class=\"ult-spacer spacer-69dbf84d0247b\" data-id=\"69dbf84d0247b\" data-height=\"25\" data-height-mobile=\"25\" data-height-tab=\"25\" data-height-tab-portrait=\"\" data-height-mobile-landscape=\"\" style=\"clear:both;display:block;\"><\/div><div class=\"vc_row wpb_row vc_inner vc_row-fluid\"><div class=\"wpb_column vc_column_container vc_col-sm-2\"><div class=\"vc_column-inner\"><div class=\"wpb_wrapper\"><\/div><\/div><\/div><div class=\"wpb_column vc_column_container vc_col-sm-8\"><div class=\"vc_column-inner\"><div class=\"wpb_wrapper\">\n\t<div class=\"wpb_raw_code wpb_raw_js\" >\n\t\t<div class=\"wpb_wrapper\">\n\t\t\t<script \n    src=\"https:\/\/cdn.virtuoussoftware.com\/virtuous.embed.min.js\" \n    data-vform=\"990D8BD9-521F-45DA-B050-60058B8102AE\" \n    data-orgId=\"5342\" \n    data-isGiving=\"false\"\n    data-dependencies=\"[]\">\n<\/script>\n\n\t\t<\/div>\n\t<\/div>\n<\/div><\/div><\/div><div class=\"wpb_column vc_column_container vc_col-sm-2\"><div class=\"vc_column-inner\"><div class=\"wpb_wrapper\"><\/div><\/div><\/div><\/div><div class=\"ult-spacer spacer-69dbf84d0267e\" data-id=\"69dbf84d0267e\" data-height=\"25\" data-height-mobile=\"25\" data-height-tab=\"25\" data-height-tab-portrait=\"\" data-height-mobile-landscape=\"\" style=\"clear:both;display:block;\"><\/div><\/div><\/div><\/div><\/div><div class=\"vc_row wpb_row vc_row-fluid\"><div class=\"wpb_column vc_column_container vc_col-sm-12\"><div class=\"vc_column-inner\"><div class=\"wpb_wrapper\"><div class=\"ult-spacer spacer-69dbf84d027c7\" data-id=\"69dbf84d027c7\" data-height=\"10\" data-height-mobile=\"10\" data-height-tab=\"10\" data-height-tab-portrait=\"\" data-height-mobile-landscape=\"\" style=\"clear:both;display:block;\"><\/div><\/div><\/div><\/div><\/div>\n<\/div>","protected":false},"excerpt":{"rendered":"<p><a class=\"sd-more sd-all-trans\" href=\"https:\/\/www.myface.org\/es\/online-groups\/grupo-de-apoyo\/#more-21354\">Leer m\u00e1s<\/a><\/p>","protected":false},"author":14,"featured_media":0,"parent":10268,"menu_order":0,"comment_status":"closed","ping_status":"closed","template":"full-width-page.php","meta":{"footnotes":""},"class_list":["post-21354","page","type-page","status-publish","hentry"],"yoast_head":"<!-- This site is optimized with the Yoast SEO plugin v27.2 - https:\/\/yoast.com\/product\/yoast-seo-wordpress\/ -->\n<title>Grupo de Apoyo - myFace<\/title>\n<meta name=\"description\" content=\"Ensuring that individuals impacted by craniofacial differences and family members across the country have a place to turn for support.\" \/>\n<meta name=\"robots\" content=\"index, follow, max-snippet:-1, max-image-preview:large, max-video-preview:-1\" \/>\n<link rel=\"canonical\" href=\"https:\/\/www.myface.org\/es\/online-groups\/grupo-de-apoyo\/\" \/>\n<meta property=\"og:locale\" content=\"es_ES\" \/>\n<meta property=\"og:type\" content=\"article\" \/>\n<meta property=\"og:title\" content=\"Grupo de Apoyo - myFace\" \/>\n<meta property=\"og:description\" content=\"Ensuring that individuals impacted by craniofacial differences and family members across the country have a place to turn for support.\" \/>\n<meta property=\"og:url\" content=\"https:\/\/www.myface.org\/es\/online-groups\/grupo-de-apoyo\/\" \/>\n<meta property=\"og:site_name\" content=\"myFace\" \/>\n<meta property=\"article:publisher\" content=\"https:\/\/www.facebook.com\/myFaceFoundation\/\" \/>\n<meta name=\"twitter:card\" content=\"summary_large_image\" \/>\n<meta name=\"twitter:site\" content=\"@thisis_myface\" \/>\n<meta name=\"twitter:label1\" content=\"Tiempo de lectura\" \/>\n\t<meta name=\"twitter:data1\" content=\"1 minuto\" \/>\n<script type=\"application\/ld+json\" class=\"yoast-schema-graph\">{\"@context\":\"https:\/\/schema.org\",\"@graph\":[{\"@type\":\"WebPage\",\"@id\":\"https:\/\/www.myface.org\/online-groups\/grupo-de-apoyo\/\",\"url\":\"https:\/\/www.myface.org\/online-groups\/grupo-de-apoyo\/\",\"name\":\"Grupo de Apoyo - myFace\",\"isPartOf\":{\"@id\":\"https:\/\/www.myface.org\/#website\"},\"datePublished\":\"2025-04-03T19:23:37+00:00\",\"description\":\"Ensuring that individuals impacted by craniofacial differences and family members across the country have a place to turn for support.\",\"breadcrumb\":{\"@id\":\"https:\/\/www.myface.org\/online-groups\/grupo-de-apoyo\/#breadcrumb\"},\"inLanguage\":\"es\",\"potentialAction\":[{\"@type\":\"ReadAction\",\"target\":[\"https:\/\/www.myface.org\/online-groups\/grupo-de-apoyo\/\"]}]},{\"@type\":\"BreadcrumbList\",\"@id\":\"https:\/\/www.myface.org\/online-groups\/grupo-de-apoyo\/#breadcrumb\",\"itemListElement\":[{\"@type\":\"ListItem\",\"position\":1,\"name\":\"Home\",\"item\":\"https:\/\/www.myface.org\/\"},{\"@type\":\"ListItem\",\"position\":2,\"name\":\"Virtual Support Groups\",\"item\":\"https:\/\/www.myface.org\/online-groups\/\"},{\"@type\":\"ListItem\",\"position\":3,\"name\":\"Grupo de Apoyo\"}]},{\"@type\":\"WebSite\",\"@id\":\"https:\/\/www.myface.org\/#website\",\"url\":\"https:\/\/www.myface.org\/\",\"name\":\"myFace\",\"description\":\"We are the National Model for Craniofacial Care and Treatment.\",\"potentialAction\":[{\"@type\":\"SearchAction\",\"target\":{\"@type\":\"EntryPoint\",\"urlTemplate\":\"https:\/\/www.myface.org\/?s={search_term_string}\"},\"query-input\":{\"@type\":\"PropertyValueSpecification\",\"valueRequired\":true,\"valueName\":\"search_term_string\"}}],\"inLanguage\":\"es\"}]}<\/script>\n<!-- \/ Yoast SEO plugin. -->","yoast_head_json":{"title":"Grupo de Apoyo - myFace","description":"Ensuring that individuals impacted by craniofacial differences and family members across the country have a place to turn for support.","robots":{"index":"index","follow":"follow","max-snippet":"max-snippet:-1","max-image-preview":"max-image-preview:large","max-video-preview":"max-video-preview:-1"},"canonical":"https:\/\/www.myface.org\/es\/online-groups\/grupo-de-apoyo\/","og_locale":"es_ES","og_type":"article","og_title":"Grupo de Apoyo - myFace","og_description":"Ensuring that individuals impacted by craniofacial differences and family members across the country have a place to turn for support.","og_url":"https:\/\/www.myface.org\/es\/online-groups\/grupo-de-apoyo\/","og_site_name":"myFace","article_publisher":"https:\/\/www.facebook.com\/myFaceFoundation\/","twitter_card":"summary_large_image","twitter_site":"@thisis_myface","twitter_misc":{"Tiempo de lectura":"1 minuto"},"schema":{"@context":"https:\/\/schema.org","@graph":[{"@type":"WebPage","@id":"https:\/\/www.myface.org\/online-groups\/grupo-de-apoyo\/","url":"https:\/\/www.myface.org\/online-groups\/grupo-de-apoyo\/","name":"Grupo de Apoyo - myFace","isPartOf":{"@id":"https:\/\/www.myface.org\/#website"},"datePublished":"2025-04-03T19:23:37+00:00","description":"Ensuring that individuals impacted by craniofacial differences and family members across the country have a place to turn for support.","breadcrumb":{"@id":"https:\/\/www.myface.org\/online-groups\/grupo-de-apoyo\/#breadcrumb"},"inLanguage":"es","potentialAction":[{"@type":"ReadAction","target":["https:\/\/www.myface.org\/online-groups\/grupo-de-apoyo\/"]}]},{"@type":"BreadcrumbList","@id":"https:\/\/www.myface.org\/online-groups\/grupo-de-apoyo\/#breadcrumb","itemListElement":[{"@type":"ListItem","position":1,"name":"Home","item":"https:\/\/www.myface.org\/"},{"@type":"ListItem","position":2,"name":"Virtual Support Groups","item":"https:\/\/www.myface.org\/online-groups\/"},{"@type":"ListItem","position":3,"name":"Grupo de Apoyo"}]},{"@type":"WebSite","@id":"https:\/\/www.myface.org\/#website","url":"https:\/\/www.myface.org\/","name":"de myFace","description":"Somos el Modelo Nacional de Atenci\u00f3n y Tratamiento Craneofacial.","potentialAction":[{"@type":"SearchAction","target":{"@type":"EntryPoint","urlTemplate":"https:\/\/www.myface.org\/?s={search_term_string}"},"query-input":{"@type":"PropertyValueSpecification","valueRequired":true,"valueName":"search_term_string"}}],"inLanguage":"es"}]}},"_links":{"self":[{"href":"https:\/\/www.myface.org\/es\/wp-json\/wp\/v2\/pages\/21354","targetHints":{"allow":["GET"]}}],"collection":[{"href":"https:\/\/www.myface.org\/es\/wp-json\/wp\/v2\/pages"}],"about":[{"href":"https:\/\/www.myface.org\/es\/wp-json\/wp\/v2\/types\/page"}],"author":[{"embeddable":true,"href":"https:\/\/www.myface.org\/es\/wp-json\/wp\/v2\/users\/14"}],"replies":[{"embeddable":true,"href":"https:\/\/www.myface.org\/es\/wp-json\/wp\/v2\/comments?post=21354"}],"version-history":[{"count":3,"href":"https:\/\/www.myface.org\/es\/wp-json\/wp\/v2\/pages\/21354\/revisions"}],"predecessor-version":[{"id":21357,"href":"https:\/\/www.myface.org\/es\/wp-json\/wp\/v2\/pages\/21354\/revisions\/21357"}],"up":[{"embeddable":true,"href":"https:\/\/www.myface.org\/es\/wp-json\/wp\/v2\/pages\/10268"}],"wp:attachment":[{"href":"https:\/\/www.myface.org\/es\/wp-json\/wp\/v2\/media?parent=21354"}],"curies":[{"name":"wp","href":"https:\/\/api.w.org\/{rel}","templated":true}]}}