{"id":16546,"date":"2022-07-26T16:37:20","date_gmt":"2022-07-26T20:37:20","guid":{"rendered":"https:\/\/www.myface.org\/?page_id=16546"},"modified":"2022-08-02T13:03:18","modified_gmt":"2022-08-02T17:03:18","slug":"treatments-procedures","status":"publish","type":"page","link":"https:\/\/www.myface.org\/es\/craniofacial-conditions\/craniofacial-microsomia\/treatments-procedures\/","title":{"rendered":"Treatments &#038; Procedures for Craniofacial Microsomia"},"content":{"rendered":"<div class=\"wpb-content-wrapper\"><div class=\"vc_row wpb_row vc_row-fluid\"><div class=\"wpb_column vc_column_container vc_col-sm-12\"><div class=\"vc_column-inner\"><div class=\"wpb_wrapper\"><div class=\"ult-spacer spacer-69eba48251a99\" data-id=\"69eba48251a99\" data-height=\"80\" data-height-mobile=\"80\" data-height-tab=\"80\" data-height-tab-portrait=\"\" data-height-mobile-landscape=\"50\" style=\"clear:both;display:block;\"><\/div><div id=\"ultimate-heading-711469eba48251ae6\" class=\"uvc-heading ult-adjust-bottom-margin ultimate-heading-711469eba48251ae6 uvc-3680\" data-hspacer=\"no_spacer\"  data-halign=\"center\" style=\"text-align:center\"><div class=\"uvc-heading-spacer no_spacer\" style=\"top\"><\/div><div class=\"uvc-main-heading ult-responsive\"  data-ultimate-target='.uvc-heading.ultimate-heading-711469eba48251ae6 h2'  data-responsive-json-new='{\"font-size\":\"desktop:46px;tablet:46px;tablet_portrait:46px;mobile_landscape:35px;mobile:35px;\",\"line-height\":\"\"}' ><h2 style=\"font-weight:bold;color:#ffffff;\">Tratamientos y procedimientos para la microsom\u00eda craneofacial<\/h2><\/div><\/div><div class=\"ult-spacer spacer-69eba48251b0b\" data-id=\"69eba48251b0b\" data-height=\"80\" data-height-mobile=\"80\" data-height-tab=\"80\" data-height-tab-portrait=\"\" data-height-mobile-landscape=\"50\" style=\"clear:both;display:block;\"><\/div><\/div><\/div><\/div><\/div><!-- Row Backgrounds --><div class=\"upb_color\" data-bg-override=\"0\" data-bg-color=\"#00a4b4\" data-fadeout=\"\" data-fadeout-percentage=\"30\" data-parallax-content=\"\" data-parallax-content-sense=\"30\" data-row-effect-mobile-disable=\"true\" data-img-parallax-mobile-disable=\"true\" data-rtl=\"false\"  data-custom-vc-row=\"\"  data-vc=\"8.0\"  data-is_old_vc=\"\"  data-theme-support=\"enable\"   data-overlay=\"false\" data-overlay-color=\"\" data-overlay-pattern=\"\" data-overlay-pattern-opacity=\"\" data-overlay-pattern-size=\"\"    ><\/div><div class=\"vc_row wpb_row vc_row-fluid\"><div class=\"wpb_column vc_column_container vc_col-sm-8 vc_col-lg-offset-1 vc_col-lg-10 vc_col-md-offset-1 vc_col-md-10 vc_col-xs-12\"><div class=\"vc_column-inner\"><div class=\"wpb_wrapper\"><div class=\"vc_row wpb_row vc_inner vc_row-fluid\"><div class=\"wpb_column vc_column_container vc_col-sm-8\"><div class=\"vc_column-inner\"><div class=\"wpb_wrapper\">\n\t<div class=\"wpb_text_column wpb_content_element\" >\n\t\t<div class=\"wpb_wrapper\">\n\t\t\t<p><span style=\"text-decoration: underline;\"><a href=\"\/es\/\"><strong>Hogar<\/strong><\/a><\/span> &gt; <strong><span style=\"text-decoration: underline;\"><a href=\"\/es\/craniofacial-conditions\/\">Condiciones craneofaciales<\/a><\/span><\/strong> &gt; <span style=\"text-decoration: underline;\"><a href=\"\/es\/craniofacial-conditions\/craniofacial-microsomia\/\"><strong>Craniofacial Microsomia<\/strong><\/a><\/span> &gt;\u00a0<strong>Tratamientos y Procedimientos<\/strong><\/p>\n\n\t\t<\/div>\n\t<\/div>\n\n\t<div class=\"wpb_text_column wpb_content_element\" >\n\t\t<div class=\"wpb_wrapper\">\n\t\t\t<h2>Tratamientos y procedimientos para la microsom\u00eda craneofacial<\/h2>\n<p>El tratamiento de la microsom\u00eda craneofacial var\u00eda seg\u00fan los tipos y la extensi\u00f3n de las anomal\u00edas. Es posible que los ni\u00f1os con s\u00edntomas leves no necesitan ning\u00fan tratamiento, mientras que otros con s\u00edntomas m\u00e1s graves necesitar\u00e1n trabajar con un equipo de especialistas para crear un plan de atenci\u00f3n individualizado para abordar cada s\u00edntoma individual y determinar el momento de varias intervenciones.<\/p>\n<p>Los estudios han demostrado que la mayor\u00eda de los pacientes con microsom\u00eda craneofacial no requieren correcci\u00f3n quir\u00fargica, pero aquellos que la necesitan a menudo necesitan procedimientos que se pueden realizar en etapas. La microsom\u00eda craneofacial y sus formas asociadas son condiciones progresivas, y los cambios en el esqueleto y los tejidos blandos se vuelven m\u00e1s pronunciados con el tiempo. Pr\u00e1cticamente no hay crecimiento de \"recuperaci\u00f3n\" en el lado afectado de la cara.<\/p>\n<p>Hay dos enfoques opuestos para determinar el momento de las cirug\u00edas para estas condiciones. En un enfoque, las intervenciones quir\u00fargicas mayores se retrasa hasta despu\u00e9s de la pubertad. Esto asegura resultados m\u00e1s predecibles y reduce la necesidad de cirug\u00edas de revisi\u00f3n, ya que el crecimiento ya se ha completado. En cambio, otros abogan por una cirug\u00eda temprana debido a la naturaleza progresiva de la afecci\u00f3n. Los defensores del enfoque de intervenci\u00f3n temprana tambi\u00e9n se\u00f1alan que el tratamiento temprano puede reducir el impacto psicosocial de la condici\u00f3n en un ni\u00f1o. Estudios recientes han demostrado que ambos enfoques dan como resultado resultados similares a largo plazo y estabilidad del paciente. Por lo tanto, las familias deben trabajar con su equipo de especialistas para determinar el mejor plan de tratamiento individualizado para las necesidades y prioridades de cada paciente.<\/p>\n<h2>Cirug\u00edas y procedimientos craneofaciales comunes<\/h2>\n<p>Las cirug\u00edas y procedimientos craneofaciales comunes para pacientes con microsom\u00eda craneofacial, microsom\u00eda hemifacial y s\u00edndrome de Goldenhar incluyen:<\/p>\n<ul>\n<li>La remodelaci\u00f3n craneal, a menudo realizada entre los 8 y los 12 meses de edad, generalmente se realiza para corregir la asimetr\u00eda, como la desalineaci\u00f3n de las \u00f3rbitas oculares.<\/li>\n<li>La extracci\u00f3n de dermoides epibulbares est\u00e1 indicada especialmente si el crecimiento continuo causa irritaci\u00f3n ocular, obstruye la visi\u00f3n o deforma la c\u00f3rnea, causando astigmatismo y visi\u00f3n borrosa.<\/li>\n<li>La distracci\u00f3n osteog\u00e9nica de la mand\u00edbula (mand\u00edbula inferior) es la colocaci\u00f3n de un dispositivo en el hueso de la mand\u00edbula subdesarrollado para alargar y reposicionar el hueso para mejorar la respiraci\u00f3n. Este procedimiento se puede realizar tan pronto como durante las etapas de reci\u00e9n nacido e infante, especialmente si la mand\u00edbula subdesarrollada est\u00e1 afectando la respiraci\u00f3n. De lo contrario, el tratamiento generalmente se inicia entre los 2 y los 6 a\u00f1os, pero tambi\u00e9n se puede iniciar en ni\u00f1os mayores y adolescentes que tienen un subdesarrollo menos grave de la mand\u00edbula.<\/li>\n<li>El tratamiento de ortodoncia generalmente se realiza entre los 6 y los 14 a\u00f1os para corregir los dientes faltantes o desalineados.<\/li>\n<li>La reconstrucci\u00f3n de la oreja usando cart\u00edlago de la costilla se realiza com\u00fanmente alrededor de los 8 a\u00f1os.<\/li>\n<li>La implantaci\u00f3n coclear a\u00fan no se utiliza ampliamente para tratar la p\u00e9rdida auditiva en la microsom\u00eda craneofacial, pero se ha realizado en algunos estudios de casos y la investigaci\u00f3n est\u00e1 en curso; la mayor\u00eda de los pacientes con discapacidad auditiva son tratados con aud\u00edfonos u opciones quir\u00fargicas para reparar las estructuras del o\u00eddo medio.<\/li>\n<li>Las cirug\u00edas est\u00e9ticas, que a menudo se realizan despu\u00e9s de los 14 o 15 a\u00f1os cuando se ha completado el crecimiento craneofacial, pueden aumentar a\u00fan m\u00e1s la simetr\u00eda de la mand\u00edbula, los p\u00f3mulos, las orejas y la frente<\/li>\n<\/ul>\n<h2>Problemas comunes que enfrentan los ni\u00f1os con microsom\u00eda craneofacial<\/h2>\n<h3>Los problemas de alimentaci\u00f3n<\/h3>\n<p>Los problemas de alimentaci\u00f3n  son uno de los primeros y m\u00e1s comunes problemas que enfrentan los ni\u00f1os con microsom\u00eda craneofacial. Debido a las estructuras faciales subdesarrolladas y las condiciones asociadas, como labio leporino y\/o paladar hendido, la alimentaci\u00f3n puede requerir medidas especiales que incluyen:<\/p>\n<ul>\n<li>Biberones especializados<\/li>\n<li>Nasog\u00e1strica (usando un tubo que se inserta en la nariz y se extiende hasta el est\u00f3mago)<\/li>\n<li>Sonda de gastrostom\u00eda (G-Tube) que es una sonda de alimentaci\u00f3n colocada directamente en el est\u00f3mago a trav\u00e9s de la pared abdominal<\/li>\n<\/ul>\n<h3>Problemas respiratorios<\/h3>\n<p>Los problemas respiratorios en pacientes con microsom\u00eda craneofacial tambi\u00e9n son comunes, m\u00e1s a menudo en forma de apnea obstructiva del sue\u00f1o. Esta condici\u00f3n a menudo conduce a ronquidos y somnolencia diurna. Incluso puede provocar problemas pulmonares y card\u00edacos, como presi\u00f3n arterial alta, hipertensi\u00f3n pulmonar e insuficiencia card\u00edaca, si no se trata durante mucho tiempo. Para mantener abiertas las v\u00edas respiratorias y garantizar patrones de respiraci\u00f3n normales y una oxigenaci\u00f3n adecuada, los pacientes generalmente necesitan usar un respirador que proporcione presi\u00f3n positiva continua en las v\u00edas respiratorias (CPAP) mientras duermen.<\/p>\n<h3>Anomal\u00edas de la columna vertebral y las costillas<\/h3>\n<p>Anomal\u00edas de la columna vertebral y las costillas en pacientes diagnosticados con el s\u00edndrome de Goldenhar. A medida que un ni\u00f1o con s\u00edndrome de Goldenhar crece, las anomal\u00edas de la columna y las costillas pueden empeorar, lo que lleva a problemas como escoliosis, caderas dislocadas y trastornos articulares. Es posible que estos problemas deban corregirse mediante procedimientos ortop\u00e9dicos. Por ejemplo, en el caso de la escoliosis, si la curvatura de la columna se vuelve problem\u00e1tica, las opciones de tratamiento para evitar la cirug\u00eda incluyen el uso de aparatos ortop\u00e9dicos para la columna y fisioterapia, mientras que los casos m\u00e1s graves pueden requerir procedimientos quir\u00fargicos como la fusi\u00f3n espinal o la implantaci\u00f3n de varillas expansivas para ayudar a estabilizar la columna a medida que el ni\u00f1o crece.<\/p>\n<p>Como resultado de la curvatura de la columna vertebral y el desarrollo anormal de las costillas, algunos pacientes pueden desarrollar el s\u00edndrome de insuficiencia tor\u00e1cica, el cual eventualmente resulta en deformidad de la pared tor\u00e1cica, desarrollo limitado de los pulmones, y problemas de respiraci\u00f3n, desarrollo pulmonar limitado y problemas respiratorios. Estos ni\u00f1os generalmente requerir\u00e1n una cirug\u00eda para implantar una o m\u00e1s costillas prot\u00e9sicas de titanio de expansi\u00f3n vertical (VEPTR). Estas varillas, que se pueden ajustar con el tiempo, mantendr\u00e1n la cavidad tor\u00e1cica creciendo a un ritmo que permita un desarrollo pulmonar adecuado.<\/p>\n<h2>Otros tratamientos comunes para la microsom\u00eda craneofacial<\/h2>\n<ul>\n<li>Los siguientes son otros tratamientos comunes que se usan para tratar a diversas afecciones y discapacidades relacionadas con el s\u00edndrome:<\/li>\n<li>Correcci\u00f3n de la visi\u00f3n con anteojos o cirug\u00eda<\/li>\n<li>Aud\u00edfonos para sordera parcial o implantes cocleares para pacientes con p\u00e9rdida auditiva total<\/li>\n<li>Terapia del habla para mejorar el lenguaje y problemas relacionados con la alimentaci\u00f3n<\/li>\n<li>Fisioterapeutas y terapeutas ocupacionales para ayudar con el desarrollo de habilidades motoras<\/li>\n<li>Procedimientos quir\u00fargicos para corregir diversas anomal\u00edas, incluidos defectos card\u00edacos, labio leporino o paladar hendido, apnea obstructiva del sue\u00f1o, microtia y malformaciones espinales<\/li>\n<\/ul>\n\n\t\t<\/div>\n\t<\/div>\n<\/div><\/div><\/div><div class=\"wpb_column vc_column_container vc_col-sm-4\"><div class=\"vc_column-inner\"><div class=\"wpb_wrapper\"><div class=\"ult_row_spacer\"><div class=\"ult-sticky-anchor\"><div class=\"ult-sticky-section ult-sticky\"  data-gutter= '40' data-stick_behaviour= 'stick_with_scroll_row'  data-sticky_position= 'top' data-mobile='no' data-support='no'>\n\t<div class=\"wpb_text_column wpb_content_element\" >\n\t\t<div class=\"wpb_wrapper\">\n\t\t\t<h3 style=\"color: #d8007e;\">Recursos para la Comunidad Craneofacial<\/h3>\n<p>myFace proporciona a las personas y familias que viven con una diferencia facial acceso a atenci\u00f3n integral hol\u00edstica, servicios psicosociales, educaci\u00f3n, recursos y apoyo que allanan el camino para mejores resultados.<\/p>\n<h4><span style=\"text-decoration: underline;\"><a href=\"\/es\/events\/\">Pr\u00f3ximos eventos<\/a><\/span><\/h4>\n<h4><span style=\"text-decoration: underline;\"><a href=\"\/es\/civa\/\">Simuladores de cirug\u00eda 3D<\/a><\/span><\/h4>\n<h4><span style=\"text-decoration: underline;\"><a href=\"\/es\/parent-guides\/\">Las gu\u00edas para padres<\/a><\/span><\/h4>\n<h4><span style=\"text-decoration: underline;\"><a href=\"\/es\/online-groups\/\">Grupos de apoyo<\/a><\/span><\/h4>\n\n\t\t<\/div>\n\t<\/div>\n<\/div><div class=\"ult-space\"><\/div><\/div><\/div><\/div><\/div><\/div><\/div><\/div><\/div><\/div><\/div>\n<\/div>","protected":false},"excerpt":{"rendered":"<p><a class=\"sd-more sd-all-trans\" href=\"https:\/\/www.myface.org\/es\/craniofacial-conditions\/craniofacial-microsomia\/treatments-procedures\/#more-16546\">Leer m\u00e1s<\/a><\/p>","protected":false},"author":14,"featured_media":0,"parent":16528,"menu_order":0,"comment_status":"closed","ping_status":"closed","template":"full-width-page.php","meta":{"footnotes":""},"class_list":["post-16546","page","type-page","status-publish","hentry"],"yoast_head":"<!-- This site is optimized with the Yoast SEO plugin v27.4 - https:\/\/yoast.com\/product\/yoast-seo-wordpress\/ -->\n<title>Treatments &amp; Procedures for Craniofacial Microsomia - myFace<\/title>\n<meta name=\"description\" content=\"Most people with craniofacial microsomia don&#039;t require surgery - read more about the different types of treatments and procedures for craniofacial microsomia.\" \/>\n<meta name=\"robots\" content=\"index, follow, max-snippet:-1, max-image-preview:large, max-video-preview:-1\" \/>\n<link rel=\"canonical\" href=\"https:\/\/www.myface.org\/es\/craniofacial-conditions\/craniofacial-microsomia\/treatments-procedures\/\" \/>\n<meta property=\"og:locale\" content=\"es_ES\" \/>\n<meta property=\"og:type\" content=\"article\" \/>\n<meta property=\"og:title\" content=\"Treatments &amp; Procedures for Craniofacial Microsomia - myFace\" \/>\n<meta property=\"og:description\" content=\"Most people with craniofacial microsomia don&#039;t require surgery - read more about the different types of treatments and procedures for craniofacial microsomia.\" \/>\n<meta property=\"og:url\" content=\"https:\/\/www.myface.org\/es\/craniofacial-conditions\/craniofacial-microsomia\/treatments-procedures\/\" \/>\n<meta property=\"og:site_name\" content=\"myFace\" \/>\n<meta property=\"article:publisher\" content=\"https:\/\/www.facebook.com\/myFaceFoundation\/\" \/>\n<meta property=\"article:modified_time\" content=\"2022-08-02T17:03:18+00:00\" \/>\n<meta name=\"twitter:card\" content=\"summary_large_image\" \/>\n<meta name=\"twitter:site\" content=\"@thisis_myface\" \/>\n<meta name=\"twitter:label1\" content=\"Tiempo de lectura\" \/>\n\t<meta name=\"twitter:data1\" content=\"5 minutos\" \/>\n<script type=\"application\/ld+json\" class=\"yoast-schema-graph\">{\"@context\":\"https:\\\/\\\/schema.org\",\"@graph\":[{\"@type\":\"WebPage\",\"@id\":\"https:\\\/\\\/www.myface.org\\\/craniofacial-conditions\\\/craniofacial-microsomia\\\/treatments-procedures\\\/\",\"url\":\"https:\\\/\\\/www.myface.org\\\/craniofacial-conditions\\\/craniofacial-microsomia\\\/treatments-procedures\\\/\",\"name\":\"Treatments & Procedures for Craniofacial Microsomia - myFace\",\"isPartOf\":{\"@id\":\"https:\\\/\\\/www.myface.org\\\/#website\"},\"datePublished\":\"2022-07-26T20:37:20+00:00\",\"dateModified\":\"2022-08-02T17:03:18+00:00\",\"description\":\"Most people with craniofacial microsomia don't require surgery - read more about the different types of treatments and procedures for craniofacial microsomia.\",\"breadcrumb\":{\"@id\":\"https:\\\/\\\/www.myface.org\\\/craniofacial-conditions\\\/craniofacial-microsomia\\\/treatments-procedures\\\/#breadcrumb\"},\"inLanguage\":\"es\",\"potentialAction\":[{\"@type\":\"ReadAction\",\"target\":[\"https:\\\/\\\/www.myface.org\\\/craniofacial-conditions\\\/craniofacial-microsomia\\\/treatments-procedures\\\/\"]}]},{\"@type\":\"BreadcrumbList\",\"@id\":\"https:\\\/\\\/www.myface.org\\\/craniofacial-conditions\\\/craniofacial-microsomia\\\/treatments-procedures\\\/#breadcrumb\",\"itemListElement\":[{\"@type\":\"ListItem\",\"position\":1,\"name\":\"Home\",\"item\":\"https:\\\/\\\/www.myface.org\\\/\"},{\"@type\":\"ListItem\",\"position\":2,\"name\":\"Craniofacial Conditions\",\"item\":\"https:\\\/\\\/www.myface.org\\\/craniofacial-conditions\\\/\"},{\"@type\":\"ListItem\",\"position\":3,\"name\":\"Craniofacial Microsomia\",\"item\":\"https:\\\/\\\/www.myface.org\\\/craniofacial-conditions\\\/craniofacial-microsomia\\\/\"},{\"@type\":\"ListItem\",\"position\":4,\"name\":\"Treatments &#038; Procedures for Craniofacial Microsomia\"}]},{\"@type\":\"WebSite\",\"@id\":\"https:\\\/\\\/www.myface.org\\\/#website\",\"url\":\"https:\\\/\\\/www.myface.org\\\/\",\"name\":\"myFace\",\"description\":\"We are the National Model for Craniofacial Care and Treatment.\",\"potentialAction\":[{\"@type\":\"SearchAction\",\"target\":{\"@type\":\"EntryPoint\",\"urlTemplate\":\"https:\\\/\\\/www.myface.org\\\/?s={search_term_string}\"},\"query-input\":{\"@type\":\"PropertyValueSpecification\",\"valueRequired\":true,\"valueName\":\"search_term_string\"}}],\"inLanguage\":\"es\"}]}<\/script>\n<!-- \/ Yoast SEO plugin. -->","yoast_head_json":{"title":"Treatments & Procedures for Craniofacial Microsomia - myFace","description":"Most people with craniofacial microsomia don't require surgery - read more about the different types of treatments and procedures for craniofacial microsomia.","robots":{"index":"index","follow":"follow","max-snippet":"max-snippet:-1","max-image-preview":"max-image-preview:large","max-video-preview":"max-video-preview:-1"},"canonical":"https:\/\/www.myface.org\/es\/craniofacial-conditions\/craniofacial-microsomia\/treatments-procedures\/","og_locale":"es_ES","og_type":"article","og_title":"Treatments & Procedures for Craniofacial Microsomia - myFace","og_description":"Most people with craniofacial microsomia don't require surgery - read more about the different types of treatments and procedures for craniofacial microsomia.","og_url":"https:\/\/www.myface.org\/es\/craniofacial-conditions\/craniofacial-microsomia\/treatments-procedures\/","og_site_name":"myFace","article_publisher":"https:\/\/www.facebook.com\/myFaceFoundation\/","article_modified_time":"2022-08-02T17:03:18+00:00","twitter_card":"summary_large_image","twitter_site":"@thisis_myface","twitter_misc":{"Tiempo de lectura":"5 minutos"},"schema":{"@context":"https:\/\/schema.org","@graph":[{"@type":"WebPage","@id":"https:\/\/www.myface.org\/craniofacial-conditions\/craniofacial-microsomia\/treatments-procedures\/","url":"https:\/\/www.myface.org\/craniofacial-conditions\/craniofacial-microsomia\/treatments-procedures\/","name":"Treatments & Procedures for Craniofacial Microsomia - myFace","isPartOf":{"@id":"https:\/\/www.myface.org\/#website"},"datePublished":"2022-07-26T20:37:20+00:00","dateModified":"2022-08-02T17:03:18+00:00","description":"Most people with craniofacial microsomia don't require surgery - read more about the different types of treatments and procedures for craniofacial microsomia.","breadcrumb":{"@id":"https:\/\/www.myface.org\/craniofacial-conditions\/craniofacial-microsomia\/treatments-procedures\/#breadcrumb"},"inLanguage":"es","potentialAction":[{"@type":"ReadAction","target":["https:\/\/www.myface.org\/craniofacial-conditions\/craniofacial-microsomia\/treatments-procedures\/"]}]},{"@type":"BreadcrumbList","@id":"https:\/\/www.myface.org\/craniofacial-conditions\/craniofacial-microsomia\/treatments-procedures\/#breadcrumb","itemListElement":[{"@type":"ListItem","position":1,"name":"Home","item":"https:\/\/www.myface.org\/"},{"@type":"ListItem","position":2,"name":"Craniofacial Conditions","item":"https:\/\/www.myface.org\/craniofacial-conditions\/"},{"@type":"ListItem","position":3,"name":"Craniofacial Microsomia","item":"https:\/\/www.myface.org\/craniofacial-conditions\/craniofacial-microsomia\/"},{"@type":"ListItem","position":4,"name":"Treatments &#038; Procedures for Craniofacial Microsomia"}]},{"@type":"WebSite","@id":"https:\/\/www.myface.org\/#website","url":"https:\/\/www.myface.org\/","name":"de myFace","description":"Somos el Modelo Nacional de Atenci\u00f3n y Tratamiento Craneofacial.","potentialAction":[{"@type":"SearchAction","target":{"@type":"EntryPoint","urlTemplate":"https:\/\/www.myface.org\/?s={search_term_string}"},"query-input":{"@type":"PropertyValueSpecification","valueRequired":true,"valueName":"search_term_string"}}],"inLanguage":"es"}]}},"_links":{"self":[{"href":"https:\/\/www.myface.org\/es\/wp-json\/wp\/v2\/pages\/16546","targetHints":{"allow":["GET"]}}],"collection":[{"href":"https:\/\/www.myface.org\/es\/wp-json\/wp\/v2\/pages"}],"about":[{"href":"https:\/\/www.myface.org\/es\/wp-json\/wp\/v2\/types\/page"}],"author":[{"embeddable":true,"href":"https:\/\/www.myface.org\/es\/wp-json\/wp\/v2\/users\/14"}],"replies":[{"embeddable":true,"href":"https:\/\/www.myface.org\/es\/wp-json\/wp\/v2\/comments?post=16546"}],"version-history":[{"count":7,"href":"https:\/\/www.myface.org\/es\/wp-json\/wp\/v2\/pages\/16546\/revisions"}],"predecessor-version":[{"id":16597,"href":"https:\/\/www.myface.org\/es\/wp-json\/wp\/v2\/pages\/16546\/revisions\/16597"}],"up":[{"embeddable":true,"href":"https:\/\/www.myface.org\/es\/wp-json\/wp\/v2\/pages\/16528"}],"wp:attachment":[{"href":"https:\/\/www.myface.org\/es\/wp-json\/wp\/v2\/media?parent=16546"}],"curies":[{"name":"wp","href":"https:\/\/api.w.org\/{rel}","templated":true}]}}