{"id":15844,"date":"2022-05-20T00:37:53","date_gmt":"2022-05-20T04:37:53","guid":{"rendered":"https:\/\/www.myface.org\/?page_id=15844"},"modified":"2022-11-08T10:18:35","modified_gmt":"2022-11-08T15:18:35","slug":"diagnosing","status":"publish","type":"page","link":"https:\/\/www.myface.org\/es\/craniofacial-conditions\/cleft-lip-and-or-palate\/diagnosing\/","title":{"rendered":"Diagn\u00f3stico de labio leporino y\/o paladar hendido"},"content":{"rendered":"<div class=\"wpb-content-wrapper\"><div class=\"vc_row wpb_row vc_row-fluid\"><div class=\"wpb_column vc_column_container vc_col-sm-12\"><div class=\"vc_column-inner\"><div class=\"wpb_wrapper\"><div class=\"ult-spacer spacer-69e663070ef68\" data-id=\"69e663070ef68\" data-height=\"80\" data-height-mobile=\"80\" data-height-tab=\"80\" data-height-tab-portrait=\"\" data-height-mobile-landscape=\"50\" style=\"clear:both;display:block;\"><\/div><div id=\"ultimate-heading-986369e663070efac\" class=\"uvc-heading ult-adjust-bottom-margin ultimate-heading-986369e663070efac uvc-490 \" data-hspacer=\"no_spacer\"  data-halign=\"center\" style=\"text-align:center\"><div class=\"uvc-heading-spacer no_spacer\" style=\"top\"><\/div><div class=\"uvc-main-heading ult-responsive\"  data-ultimate-target='.uvc-heading.ultimate-heading-986369e663070efac h2'  data-responsive-json-new='{\"font-size\":\"desktop:46px;tablet:46px;tablet_portrait:46px;mobile_landscape:35px;mobile:35px;\",\"line-height\":\"\"}' ><h2 style=\"font-weight:bold;color:#ffffff;\">Diagnosing Cleft Lip and\/or Palate<\/h2><\/div><\/div><div class=\"ult-spacer spacer-69e663070efcd\" data-id=\"69e663070efcd\" data-height=\"80\" data-height-mobile=\"80\" data-height-tab=\"80\" data-height-tab-portrait=\"\" data-height-mobile-landscape=\"50\" style=\"clear:both;display:block;\"><\/div><\/div><\/div><\/div><\/div><!-- Row Backgrounds --><div class=\"upb_color\" data-bg-override=\"0\" data-bg-color=\"#00a4b4\" data-fadeout=\"\" data-fadeout-percentage=\"30\" data-parallax-content=\"\" data-parallax-content-sense=\"30\" data-row-effect-mobile-disable=\"true\" data-img-parallax-mobile-disable=\"true\" data-rtl=\"false\"  data-custom-vc-row=\"\"  data-vc=\"8.0\"  data-is_old_vc=\"\"  data-theme-support=\"enable\"   data-overlay=\"false\" data-overlay-color=\"\" data-overlay-pattern=\"\" data-overlay-pattern-opacity=\"\" data-overlay-pattern-size=\"\"    ><\/div><div class=\"vc_row wpb_row vc_row-fluid\"><div class=\"wpb_column vc_column_container vc_col-sm-8 vc_col-lg-offset-1 vc_col-lg-10 vc_col-md-offset-1 vc_col-md-10 vc_col-xs-12\"><div class=\"vc_column-inner\"><div class=\"wpb_wrapper\"><div class=\"vc_row wpb_row vc_inner vc_row-fluid\"><div class=\"wpb_column vc_column_container vc_col-sm-8\"><div class=\"vc_column-inner\"><div class=\"wpb_wrapper\">\n\t<div class=\"wpb_text_column wpb_content_element\" >\n\t\t<div class=\"wpb_wrapper\">\n\t\t\t<p><span style=\"text-decoration: underline;\"><a href=\"\/\"><strong>Home<\/strong><\/a><\/span> &gt; <strong><span style=\"text-decoration: underline;\"><a href=\"\/craniofacial-conditions\/\">Craniofacial Conditions<\/a><\/span><\/strong> &gt; <span style=\"text-decoration: underline;\"><a href=\"\/craniofacial-conditions\/cleft-lip-and-or-palate\/\"><strong>Cleft Lip and\/or Palate<\/strong><\/a><\/span> &gt;\u00a0<strong>Diagnosing<\/strong><\/p>\n<div class=\"trp_language_switcher_shortcode\">\n<div class=\"trp-language-switcher trp-language-switcher-container\" data-no-translation >\n    <div class=\"trp-ls-shortcode-current-language\">\n        <a href=\"#\" class=\"trp-ls-shortcode-disabled-language trp-ls-disabled-language\" title=\"Espa\u00f1ol\" onclick=\"event.preventDefault()\">\n\t\t\t<img loading=\"lazy\" decoding=\"async\" class=\"trp-flag-image\" src=\"https:\/\/www.myface.org\/wp-content\/plugins\/translatepress-multilingual\/assets\/images\/flags\/es_ES.png\" width=\"18\" height=\"12\" alt=\"es_ES\" title=\"Espa\u00f1ol\"> Espa\u00f1ol\t\t<\/a>\n    <\/div>\n    <div class=\"trp-ls-shortcode-language\">\n                <a href=\"#\" class=\"trp-ls-shortcode-disabled-language trp-ls-disabled-language\"  title=\"Espa\u00f1ol\" onclick=\"event.preventDefault()\">\n\t\t\t<img loading=\"lazy\" decoding=\"async\" class=\"trp-flag-image\" src=\"https:\/\/www.myface.org\/wp-content\/plugins\/translatepress-multilingual\/assets\/images\/flags\/es_ES.png\" width=\"18\" height=\"12\" alt=\"es_ES\" title=\"Espa\u00f1ol\"> Espa\u00f1ol\t\t<\/a>\n                    <a href=\"https:\/\/www.myface.org\/es\/wp-json\/wp\/v2\/pages\/15844#TRPLINKPROCESSED\" title=\"English\">\n            <img loading=\"lazy\" decoding=\"async\" class=\"trp-flag-image\" src=\"https:\/\/www.myface.org\/wp-content\/plugins\/translatepress-multilingual\/assets\/images\/flags\/en_US.png\" width=\"18\" height=\"12\" alt=\"en_US\" title=\"English\"> English        <\/a>\n\n        <\/div>\n    <script type=\"application\/javascript\">\n        \/\/ need to have the same with set from JS on both divs. Otherwise it can push stuff around in HTML\n        var trp_ls_shortcodes = document.querySelectorAll('.trp_language_switcher_shortcode .trp-language-switcher');\n        if ( trp_ls_shortcodes.length > 0) {\n            \/\/ get the last language switcher added\n            var trp_el = trp_ls_shortcodes[trp_ls_shortcodes.length - 1];\n\n            var trp_shortcode_language_item = trp_el.querySelector( '.trp-ls-shortcode-language' )\n            \/\/ set width\n            var trp_ls_shortcode_width                                               = trp_shortcode_language_item.offsetWidth + 16;\n            trp_shortcode_language_item.style.width                                  = trp_ls_shortcode_width + 'px';\n            trp_el.querySelector( '.trp-ls-shortcode-current-language' ).style.width = trp_ls_shortcode_width + 'px';\n\n            \/\/ We're putting this on display: none after we have its width.\n            trp_shortcode_language_item.style.display = 'none';\n        }\n    <\/script>\n<\/div>\n<\/div>\n\n\t\t<\/div>\n\t<\/div>\n\n\t<div class=\"wpb_text_column wpb_content_element\" >\n\t\t<div class=\"wpb_wrapper\">\n\t\t\t<h2><span style=\"font-weight: 400;\">Prenatal ultrasound can detect many cases of cleft lip before birth.<\/span><\/h2>\n<h3><span style=\"font-weight: 800;\">How can Cleft Lip and\/or Palate be diagnosed before birth?\u00a0<\/span><\/h3>\n<p><span style=\"font-weight: 400;\">Many cases of cleft lip are diagnosed during pregnancy, as advances in prenatal ultrasound have made it possible to identify fetuses with cleft lip as early as weeks 13 to 14 of pregnancy. In the second trimester, assessment for cleft lip is part of the routine obstetric exam.\u00a0<\/span><\/p>\n<p><span style=\"font-weight: 400;\">If a cleft lip is detected on ultrasound, the palate is also carefully assessed, since the majority of infants with cleft lip also have cleft palate. However, standard prenatal ultrasounds are rarely able to detect cases of cleft palate alone.<\/span><\/p>\n<p><span style=\"font-weight: 400;\">When a cleft is detected during a prenatal exam, families are typically offered further evaluation. Further imaging should be done to assess for additional structural anomalies.\u00a0<\/span><\/p>\n<p><span style=\"font-weight: 400;\">The most common associated anomalies involve the central nervous system\/skeletal system (33% of cases) and the cardiovascular system (24% of cases). However, in up to one-fifth of cases, additional anomalies are not found until birth. Also, noninvasive prenatal testing or amniocentesis (a procedure to sample the amniotic fluid to test for genetic anomalies) can be utilized to assess for genetic syndromes and other gene mutations.<\/span><\/p>\n<h4><span style=\"font-weight: 900;\">What happens after prenatal diagnosis of Cleft Lip and\/or Palate?<\/span><\/h4>\n<p><span style=\"font-weight: 400;\">After prenatal diagnosis of a cleft is made, referral to a Cleft Palate\/Craniofacial Care Team is recommended. This can help families prepare in advance for the care of the newborn, initiate planning for surgical repair, and connect to a multidisciplinary team to help address potential issues that may impact the child \u2013 especially breathing, feeding, speech, hearing, and any psychosocial issues.<\/span><\/p>\n<p><span style=\"font-weight: 400;\">Some cases of cleft lip\/palate are not detected during the prenatal ultrasound. However, these are usually noted immediately after birth during a physical exam. Typically, no special tests are needed to confirm the diagnosis. However, genetic counseling may be recommended to determine if there is a genetic cause.\u00a0<\/span><\/p>\n\n\t\t<\/div>\n\t<\/div>\n<\/div><\/div><\/div><div class=\"wpb_column vc_column_container vc_col-sm-4\"><div class=\"vc_column-inner\"><div class=\"wpb_wrapper\"><div class=\"ult_row_spacer\"><div class=\"ult-sticky-anchor\"><div class=\"ult-sticky-section ult-sticky \"  data-gutter= '40' data-stick_behaviour= 'stick_with_scroll_row'  data-sticky_position= 'top' data-mobile='no' data-support='no'>\n\t<div class=\"wpb_text_column wpb_content_element\" >\n\t\t<div class=\"wpb_wrapper\">\n\t\t\t<h3 style=\"color: #d8007e;\">Resources for the Craniofacial Community<\/h3>\n<p>myFace provides individuals and families living with a facial difference access to holistic comprehensive care, psychosocial services, education, resources and support that pave the way for better outcomes.<\/p>\n<h4><span style=\"text-decoration: underline;\"><a href=\"\/events\">Upcoming Events<\/a><\/span><\/h4>\n<h4><span style=\"text-decoration: underline;\"><a href=\"\/civa\">3D Surgery Simulators<\/a><\/span><\/h4>\n<h4><span style=\"text-decoration: underline;\"><a href=\"\/parent-guides\">Parent Guides<\/a><\/span><\/h4>\n<h4><span style=\"text-decoration: underline;\"><a href=\"\/online-groups\">Support Groups<\/a><\/span><\/h4>\n\n\t\t<\/div>\n\t<\/div>\n<\/div><div class=\"ult-space\"><\/div><\/div><\/div><\/div><\/div><\/div><\/div><\/div><\/div><\/div><\/div>\n<\/div>","protected":false},"excerpt":{"rendered":"<p><a class=\"sd-more sd-all-trans\" href=\"https:\/\/www.myface.org\/es\/craniofacial-conditions\/cleft-lip-and-or-palate\/diagnosing\/#more-15844\">Leer m\u00e1s<\/a><\/p>","protected":false},"author":21,"featured_media":0,"parent":15821,"menu_order":0,"comment_status":"closed","ping_status":"closed","template":"full-width-page.php","meta":{"footnotes":""},"class_list":["post-15844","page","type-page","status-publish","hentry"],"yoast_head":"<!-- This site is optimized with the Yoast SEO plugin v27.3 - https:\/\/yoast.com\/product\/yoast-seo-wordpress\/ -->\n<title>Diagnosing Cleft Lip and\/or Palate - myFace<\/title>\n<meta name=\"description\" content=\"Prenatal ultrasound can detect many cases of cleft lip before birth. When a cleft is detected during a prenatal exam, families are typically offered further evaluation.\" \/>\n<meta name=\"robots\" content=\"index, follow, max-snippet:-1, max-image-preview:large, max-video-preview:-1\" \/>\n<link rel=\"canonical\" href=\"https:\/\/www.myface.org\/es\/craniofacial-conditions\/cleft-lip-and-or-palate\/diagnosing\/\" \/>\n<meta property=\"og:locale\" content=\"es_ES\" \/>\n<meta property=\"og:type\" content=\"article\" \/>\n<meta property=\"og:title\" content=\"Diagnosing Cleft Lip and\/or Palate - myFace\" \/>\n<meta property=\"og:description\" content=\"Prenatal ultrasound can detect many cases of cleft lip before birth. When a cleft is detected during a prenatal exam, families are typically offered further evaluation.\" \/>\n<meta property=\"og:url\" content=\"https:\/\/www.myface.org\/es\/craniofacial-conditions\/cleft-lip-and-or-palate\/diagnosing\/\" \/>\n<meta property=\"og:site_name\" content=\"myFace\" \/>\n<meta property=\"article:publisher\" content=\"https:\/\/www.facebook.com\/myFaceFoundation\/\" \/>\n<meta property=\"article:modified_time\" content=\"2022-11-08T15:18:35+00:00\" \/>\n<meta name=\"twitter:card\" content=\"summary_large_image\" \/>\n<meta name=\"twitter:site\" content=\"@thisis_myface\" \/>\n<meta name=\"twitter:label1\" content=\"Tiempo de lectura\" \/>\n\t<meta name=\"twitter:data1\" content=\"2 minutos\" \/>\n<script type=\"application\/ld+json\" class=\"yoast-schema-graph\">{\"@context\":\"https:\\\/\\\/schema.org\",\"@graph\":[{\"@type\":\"WebPage\",\"@id\":\"https:\\\/\\\/www.myface.org\\\/craniofacial-conditions\\\/cleft-lip-and-or-palate\\\/diagnosing\\\/\",\"url\":\"https:\\\/\\\/www.myface.org\\\/craniofacial-conditions\\\/cleft-lip-and-or-palate\\\/diagnosing\\\/\",\"name\":\"Diagnosing Cleft Lip and\\\/or Palate - myFace\",\"isPartOf\":{\"@id\":\"https:\\\/\\\/www.myface.org\\\/#website\"},\"datePublished\":\"2022-05-20T04:37:53+00:00\",\"dateModified\":\"2022-11-08T15:18:35+00:00\",\"description\":\"Prenatal ultrasound can detect many cases of cleft lip before birth. When a cleft is detected during a prenatal exam, families are typically offered further evaluation.\",\"breadcrumb\":{\"@id\":\"https:\\\/\\\/www.myface.org\\\/craniofacial-conditions\\\/cleft-lip-and-or-palate\\\/diagnosing\\\/#breadcrumb\"},\"inLanguage\":\"es\",\"potentialAction\":[{\"@type\":\"ReadAction\",\"target\":[\"https:\\\/\\\/www.myface.org\\\/craniofacial-conditions\\\/cleft-lip-and-or-palate\\\/diagnosing\\\/\"]}]},{\"@type\":\"BreadcrumbList\",\"@id\":\"https:\\\/\\\/www.myface.org\\\/craniofacial-conditions\\\/cleft-lip-and-or-palate\\\/diagnosing\\\/#breadcrumb\",\"itemListElement\":[{\"@type\":\"ListItem\",\"position\":1,\"name\":\"Home\",\"item\":\"https:\\\/\\\/www.myface.org\\\/\"},{\"@type\":\"ListItem\",\"position\":2,\"name\":\"Craniofacial Conditions\",\"item\":\"https:\\\/\\\/www.myface.org\\\/craniofacial-conditions\\\/\"},{\"@type\":\"ListItem\",\"position\":3,\"name\":\"Cleft Lip and\\\/or Palate\",\"item\":\"https:\\\/\\\/www.myface.org\\\/craniofacial-conditions\\\/cleft-lip-and-or-palate\\\/\"},{\"@type\":\"ListItem\",\"position\":4,\"name\":\"Diagnosing Cleft Lip and\\\/or Palate\"}]},{\"@type\":\"WebSite\",\"@id\":\"https:\\\/\\\/www.myface.org\\\/#website\",\"url\":\"https:\\\/\\\/www.myface.org\\\/\",\"name\":\"myFace\",\"description\":\"We are the National Model for Craniofacial Care and Treatment.\",\"potentialAction\":[{\"@type\":\"SearchAction\",\"target\":{\"@type\":\"EntryPoint\",\"urlTemplate\":\"https:\\\/\\\/www.myface.org\\\/?s={search_term_string}\"},\"query-input\":{\"@type\":\"PropertyValueSpecification\",\"valueRequired\":true,\"valueName\":\"search_term_string\"}}],\"inLanguage\":\"es\"}]}<\/script>\n<!-- \/ Yoast SEO plugin. -->","yoast_head_json":{"title":"Diagn\u00f3stico del labio hendido y\/o paladar hendido - myFace","description":"Cuando se detecta una fisura durante un examen prenatal, generalmente se ofrece a las familias una evaluaci\u00f3n adicional. Se deben realizar m\u00e1s estudios de imagen para evaluar anomal\u00edas estructurales adicionales.","robots":{"index":"index","follow":"follow","max-snippet":"max-snippet:-1","max-image-preview":"max-image-preview:large","max-video-preview":"max-video-preview:-1"},"canonical":"https:\/\/www.myface.org\/es\/craniofacial-conditions\/cleft-lip-and-or-palate\/diagnosing\/","og_locale":"es_ES","og_type":"article","og_title":"Diagnosing Cleft Lip and\/or Palate - myFace","og_description":"Prenatal ultrasound can detect many cases of cleft lip before birth. When a cleft is detected during a prenatal exam, families are typically offered further evaluation.","og_url":"https:\/\/www.myface.org\/es\/craniofacial-conditions\/cleft-lip-and-or-palate\/diagnosing\/","og_site_name":"myFace","article_publisher":"https:\/\/www.facebook.com\/myFaceFoundation\/","article_modified_time":"2022-11-08T15:18:35+00:00","twitter_card":"summary_large_image","twitter_site":"@thisis_myface","twitter_misc":{"Tiempo de lectura":"2 minutos"},"schema":{"@context":"https:\/\/schema.org","@graph":[{"@type":"WebPage","@id":"https:\/\/www.myface.org\/craniofacial-conditions\/cleft-lip-and-or-palate\/diagnosing\/","url":"https:\/\/www.myface.org\/craniofacial-conditions\/cleft-lip-and-or-palate\/diagnosing\/","name":"Diagn\u00f3stico del labio hendido y\/o paladar hendido - myFace","isPartOf":{"@id":"https:\/\/www.myface.org\/#website"},"datePublished":"2022-05-20T04:37:53+00:00","dateModified":"2022-11-08T15:18:35+00:00","description":"Cuando se detecta una fisura durante un examen prenatal, generalmente se ofrece a las familias una evaluaci\u00f3n adicional. Se deben realizar m\u00e1s estudios de imagen para evaluar anomal\u00edas estructurales adicionales.","breadcrumb":{"@id":"https:\/\/www.myface.org\/craniofacial-conditions\/cleft-lip-and-or-palate\/diagnosing\/#breadcrumb"},"inLanguage":"es","potentialAction":[{"@type":"ReadAction","target":["https:\/\/www.myface.org\/craniofacial-conditions\/cleft-lip-and-or-palate\/diagnosing\/"]}]},{"@type":"BreadcrumbList","@id":"https:\/\/www.myface.org\/craniofacial-conditions\/cleft-lip-and-or-palate\/diagnosing\/#breadcrumb","itemListElement":[{"@type":"ListItem","position":1,"name":"Home","item":"https:\/\/www.myface.org\/"},{"@type":"ListItem","position":2,"name":"Craniofacial Conditions","item":"https:\/\/www.myface.org\/craniofacial-conditions\/"},{"@type":"ListItem","position":3,"name":"Cleft Lip and\/or Palate","item":"https:\/\/www.myface.org\/craniofacial-conditions\/cleft-lip-and-or-palate\/"},{"@type":"ListItem","position":4,"name":"Diagnosing Cleft Lip and\/or Palate"}]},{"@type":"WebSite","@id":"https:\/\/www.myface.org\/#website","url":"https:\/\/www.myface.org\/","name":"de myFace","description":"Somos el Modelo Nacional de Atenci\u00f3n y Tratamiento Craneofacial.","potentialAction":[{"@type":"SearchAction","target":{"@type":"EntryPoint","urlTemplate":"https:\/\/www.myface.org\/?s={search_term_string}"},"query-input":{"@type":"PropertyValueSpecification","valueRequired":true,"valueName":"search_term_string"}}],"inLanguage":"es"}]}},"_links":{"self":[{"href":"https:\/\/www.myface.org\/es\/wp-json\/wp\/v2\/pages\/15844","targetHints":{"allow":["GET"]}}],"collection":[{"href":"https:\/\/www.myface.org\/es\/wp-json\/wp\/v2\/pages"}],"about":[{"href":"https:\/\/www.myface.org\/es\/wp-json\/wp\/v2\/types\/page"}],"author":[{"embeddable":true,"href":"https:\/\/www.myface.org\/es\/wp-json\/wp\/v2\/users\/21"}],"replies":[{"embeddable":true,"href":"https:\/\/www.myface.org\/es\/wp-json\/wp\/v2\/comments?post=15844"}],"version-history":[{"count":9,"href":"https:\/\/www.myface.org\/es\/wp-json\/wp\/v2\/pages\/15844\/revisions"}],"predecessor-version":[{"id":17279,"href":"https:\/\/www.myface.org\/es\/wp-json\/wp\/v2\/pages\/15844\/revisions\/17279"}],"up":[{"embeddable":true,"href":"https:\/\/www.myface.org\/es\/wp-json\/wp\/v2\/pages\/15821"}],"wp:attachment":[{"href":"https:\/\/www.myface.org\/es\/wp-json\/wp\/v2\/media?parent=15844"}],"curies":[{"name":"wp","href":"https:\/\/api.w.org\/{rel}","templated":true}]}}