{"id":15842,"date":"2022-05-20T00:31:13","date_gmt":"2022-05-20T04:31:13","guid":{"rendered":"https:\/\/www.myface.org\/?page_id=15842"},"modified":"2023-06-20T22:51:10","modified_gmt":"2023-06-21T02:51:10","slug":"types-of-cleft","status":"publish","type":"page","link":"https:\/\/www.myface.org\/es\/craniofacial-conditions\/cleft-lip-and-or-palate\/types-of-cleft\/","title":{"rendered":"Tipos de Labio Hendido y\/o Paladar Hendido"},"content":{"rendered":"<div class=\"wpb-content-wrapper\"><div class=\"vc_row wpb_row vc_row-fluid\"><div class=\"wpb_column vc_column_container vc_col-sm-12\"><div class=\"vc_column-inner\"><div class=\"wpb_wrapper\"><div class=\"ult-spacer spacer-69dec6180fcd6\" data-id=\"69dec6180fcd6\" data-height=\"80\" data-height-mobile=\"80\" data-height-tab=\"80\" data-height-tab-portrait=\"\" data-height-mobile-landscape=\"50\" style=\"clear:both;display:block;\"><\/div><div id=\"ultimate-heading-932069dec6180fcfd\" class=\"uvc-heading ult-adjust-bottom-margin ultimate-heading-932069dec6180fcfd uvc-6867 \" data-hspacer=\"no_spacer\"  data-halign=\"center\" style=\"text-align:center\"><div class=\"uvc-heading-spacer no_spacer\" style=\"top\"><\/div><div class=\"uvc-main-heading ult-responsive\"  data-ultimate-target='.uvc-heading.ultimate-heading-932069dec6180fcfd h2'  data-responsive-json-new='{\"font-size\":\"desktop:46px;tablet:46px;tablet_portrait:46px;mobile_landscape:35px;mobile:35px;\",\"line-height\":\"\"}' ><h2 style=\"font-weight:bold;color:#ffffff;\">Types of Cleft Lip and\/or Palate<\/h2><\/div><\/div><div class=\"ult-spacer spacer-69dec6180fd17\" data-id=\"69dec6180fd17\" data-height=\"80\" data-height-mobile=\"80\" data-height-tab=\"80\" data-height-tab-portrait=\"\" data-height-mobile-landscape=\"50\" style=\"clear:both;display:block;\"><\/div><\/div><\/div><\/div><\/div><!-- Row Backgrounds --><div class=\"upb_color\" data-bg-override=\"0\" data-bg-color=\"#00a4b4\" data-fadeout=\"\" data-fadeout-percentage=\"30\" data-parallax-content=\"\" data-parallax-content-sense=\"30\" data-row-effect-mobile-disable=\"true\" data-img-parallax-mobile-disable=\"true\" data-rtl=\"false\"  data-custom-vc-row=\"\"  data-vc=\"8.0\"  data-is_old_vc=\"\"  data-theme-support=\"enable\"   data-overlay=\"false\" data-overlay-color=\"\" data-overlay-pattern=\"\" data-overlay-pattern-opacity=\"\" data-overlay-pattern-size=\"\"    ><\/div><div class=\"vc_row wpb_row vc_row-fluid\"><div class=\"wpb_column vc_column_container vc_col-sm-8 vc_col-lg-offset-1 vc_col-lg-10 vc_col-md-offset-1 vc_col-md-10 vc_col-xs-12\"><div class=\"vc_column-inner\"><div class=\"wpb_wrapper\"><div class=\"vc_row wpb_row vc_inner vc_row-fluid\"><div class=\"wpb_column vc_column_container vc_col-sm-8\"><div class=\"vc_column-inner\"><div class=\"wpb_wrapper\">\n\t<div class=\"wpb_text_column wpb_content_element\" >\n\t\t<div class=\"wpb_wrapper\">\n\t\t\t<p><span style=\"text-decoration: underline;\"><a href=\"\/\"><strong>Home<\/strong><\/a><\/span> &gt; <strong><span style=\"text-decoration: underline;\"><a href=\"\/craniofacial-conditions\/\">Craniofacial Conditions<\/a><\/span><\/strong> &gt; <span style=\"text-decoration: underline;\"><a href=\"\/craniofacial-conditions\/cleft-lip-and-or-palate\/\"><strong>Cleft Lip and\/or Palate<\/strong><\/a><\/span> &gt;\u00a0<strong>Types<\/strong><\/p>\n<div class=\"trp_language_switcher_shortcode\">\n<div class=\"trp-language-switcher trp-language-switcher-container\" data-no-translation >\n    <div class=\"trp-ls-shortcode-current-language\">\n        <a href=\"#\" class=\"trp-ls-shortcode-disabled-language trp-ls-disabled-language\" title=\"Espa\u00f1ol\" onclick=\"event.preventDefault()\">\n\t\t\t<img loading=\"lazy\" decoding=\"async\" class=\"trp-flag-image\" src=\"https:\/\/www.myface.org\/wp-content\/plugins\/translatepress-multilingual\/assets\/images\/flags\/es_ES.png\" width=\"18\" height=\"12\" alt=\"es_ES\" title=\"Espa\u00f1ol\"> Espa\u00f1ol\t\t<\/a>\n    <\/div>\n    <div class=\"trp-ls-shortcode-language\">\n                <a href=\"#\" class=\"trp-ls-shortcode-disabled-language trp-ls-disabled-language\"  title=\"Espa\u00f1ol\" onclick=\"event.preventDefault()\">\n\t\t\t<img loading=\"lazy\" decoding=\"async\" class=\"trp-flag-image\" src=\"https:\/\/www.myface.org\/wp-content\/plugins\/translatepress-multilingual\/assets\/images\/flags\/es_ES.png\" width=\"18\" height=\"12\" alt=\"es_ES\" title=\"Espa\u00f1ol\"> Espa\u00f1ol\t\t<\/a>\n                    <a href=\"https:\/\/www.myface.org\/es\/wp-json\/wp\/v2\/pages\/15842#TRPLINKPROCESSED\" title=\"English\">\n            <img loading=\"lazy\" decoding=\"async\" class=\"trp-flag-image\" src=\"https:\/\/www.myface.org\/wp-content\/plugins\/translatepress-multilingual\/assets\/images\/flags\/en_US.png\" width=\"18\" height=\"12\" alt=\"en_US\" title=\"English\"> English        <\/a>\n\n        <\/div>\n    <script type=\"application\/javascript\">\n        \/\/ need to have the same with set from JS on both divs. Otherwise it can push stuff around in HTML\n        var trp_ls_shortcodes = document.querySelectorAll('.trp_language_switcher_shortcode .trp-language-switcher');\n        if ( trp_ls_shortcodes.length > 0) {\n            \/\/ get the last language switcher added\n            var trp_el = trp_ls_shortcodes[trp_ls_shortcodes.length - 1];\n\n            var trp_shortcode_language_item = trp_el.querySelector( '.trp-ls-shortcode-language' )\n            \/\/ set width\n            var trp_ls_shortcode_width                                               = trp_shortcode_language_item.offsetWidth + 16;\n            trp_shortcode_language_item.style.width                                  = trp_ls_shortcode_width + 'px';\n            trp_el.querySelector( '.trp-ls-shortcode-current-language' ).style.width = trp_ls_shortcode_width + 'px';\n\n            \/\/ We're putting this on display: none after we have its width.\n            trp_shortcode_language_item.style.display = 'none';\n        }\n    <\/script>\n<\/div>\n<\/div>\n\n\t\t<\/div>\n\t<\/div>\n\n\t<div class=\"wpb_text_column wpb_content_element\" >\n\t\t<div class=\"wpb_wrapper\">\n\t\t\t<h2>Bilateral, Unilateral &amp; Other Types of Cleft Palate and Cleft Lip<\/h2>\n<p><span style=\"font-weight: 400;\">Clefts are often classified into two groups: syndromic (30%) and nonsyndromic (70%). <\/span><i><span style=\"font-weight: 400;\">Syndromic clefts<\/span><\/i><span style=\"font-weight: 400;\"> are those caused by chromosomal abnormalities or single gene mutations and are often associated with other congenital anomalies and developmental delays known as syndromes. There are over 100 syndromes that may include cleft lip\/palate, including Treacher Collins syndrome (TCS), <a href=\"https:\/\/www.southshorenaturesanctuary.org\/events.html\">Apert Syndrome<\/a>, Pierre Robin Sequence, and deletion of chromosome 22q11.<\/span><\/p>\n<h3><span style=\"font-weight: 800;\">Are there variations of Cleft Lip?<\/span><\/h3>\n<p><span style=\"font-weight: 400;\">Clefts can vary a great deal in their severity. For example: a mild form of cleft lip may present as a slight notch in the upper lip.\u00a0 The most severe forms can present as a complete separation of the upper lip that extends into the nose.\u00a0<\/span><\/p>\n<p><span style=\"font-weight: 400;\">Clefts can also occur on one side of the lip only (\u201cunilateral cleft lip\u201d) or on both sides (\u201cbilateral cleft\u201d) of the upper lip. A complete cleft lip extends into the nose, while an incomplete cleft lip does not extend into the nose.<\/span><\/p>\n<h3><span style=\"font-weight: 800;\">Unilateral and Bilateral Cleft Palate<\/span><\/h3>\n<p><span style=\"font-weight: 400;\">Similarly, a mild case of cleft palate may affect only a small portion of the roof of the mouth, but in more severe cases, the cleft can extend along the entire length of the palate. A cleft palate can appear on one (\u201cunilateral\u201d) or both (\u201cbilateral\u201d) sides of the roof of the mouth.\u00a0\u00a0<\/span><\/p>\n<h3><span style=\"font-weight: 900;\">Complete vs Incomplete Cleft Palate<\/span><\/h3>\n<p><span style=\"font-weight: 400;\">A cleft palate can also be described as complete or incomplete:\u00a0<\/span><\/p>\n<ul>\n<li style=\"font-weight: 400;\" aria-level=\"1\"><span style=\"font-weight: 400;\">An incomplete cleft palate affects only the soft palate.<\/span><\/li>\n<li style=\"font-weight: 400;\" aria-level=\"1\"><span style=\"font-weight: 400;\">A complete cleft palate involves a separation that affects both the hard palate (in the front of the mouth) and the soft palate (in the back of the mouth).\u00a0<\/span><\/li>\n<\/ul>\n<p><span style=\"font-weight: 400;\">A complete cleft palate essentially removes the separation that normally exists between the oral and nasal cavities.\u00a0<\/span><\/p>\n<h3><span style=\"font-weight: 800;\">Feeding Difficulty with Cleft Palate<\/span><\/h3>\n<p><span style=\"font-weight: 400;\">Infants with a cleft in their palate may have difficulty feeding, as indicated by:<\/span><\/p>\n<ul>\n<li style=\"font-weight: 400;\" aria-level=\"1\"><span style=\"font-weight: 400;\">Choking, gagging, or coughing during or after feeding<\/span><\/li>\n<li style=\"font-weight: 400;\" aria-level=\"1\"><span style=\"font-weight: 400;\">Milk coming back up through the nose<\/span><\/li>\n<li style=\"font-weight: 400;\" aria-level=\"1\"><span style=\"font-weight: 400;\">Vomiting<\/span><\/li>\n<li style=\"font-weight: 400;\" aria-level=\"1\"><span style=\"font-weight: 400;\">Crying, back arching, watery eyes, furrowing eyebrows during feedings<\/span><\/li>\n<li style=\"font-weight: 400;\" aria-level=\"1\"><span style=\"font-weight: 400;\">Poor weight gain or even weight loss<\/span><\/li>\n<li style=\"font-weight: 400;\" aria-level=\"1\"><span style=\"font-weight: 400;\">Difficulty with transitioning food types at appropriate ages (for example, unable to transition from a specialized bottle to a cup, or difficulty transitioning later to purees and table foods)<\/span><\/li>\n<\/ul>\n\n\t\t<\/div>\n\t<\/div>\n<\/div><\/div><\/div><div class=\"wpb_column vc_column_container vc_col-sm-4\"><div class=\"vc_column-inner\"><div class=\"wpb_wrapper\"><div class=\"ult_row_spacer\"><div class=\"ult-sticky-anchor\"><div class=\"ult-sticky-section ult-sticky \"  data-gutter= '40' data-stick_behaviour= 'stick_with_scroll_row'  data-sticky_position= 'top' data-mobile='no' data-support='no'>\n\t<div class=\"wpb_text_column wpb_content_element\" >\n\t\t<div class=\"wpb_wrapper\">\n\t\t\t<h3 style=\"color: #d8007e;\">Resources for the Craniofacial Community<\/h3>\n<p>myFace provides individuals and families living with a facial difference access to holistic comprehensive care, psychosocial services, education, resources and support that pave the way for better outcomes.<\/p>\n<h4><span style=\"text-decoration: underline;\"><a href=\"\/events\">Upcoming Events<\/a><\/span><\/h4>\n<h4><span style=\"text-decoration: underline;\"><a href=\"\/civa\">3D Surgery Simulators<\/a><\/span><\/h4>\n<h4><span style=\"text-decoration: underline;\"><a href=\"\/parent-guides\">Parent Guides<\/a><\/span><\/h4>\n<h4><span style=\"text-decoration: underline;\"><a href=\"\/online-groups\">Support Groups<\/a><\/span><\/h4>\n\n\t\t<\/div>\n\t<\/div>\n<\/div><div class=\"ult-space\"><\/div><\/div><\/div><\/div><\/div><\/div><\/div><\/div><\/div><\/div><\/div>\n<\/div>","protected":false},"excerpt":{"rendered":"<p><a class=\"sd-more sd-all-trans\" href=\"https:\/\/www.myface.org\/es\/craniofacial-conditions\/cleft-lip-and-or-palate\/types-of-cleft\/#more-15842\">Leer m\u00e1s<\/a><\/p>","protected":false},"author":21,"featured_media":0,"parent":15821,"menu_order":0,"comment_status":"closed","ping_status":"closed","template":"full-width-page.php","meta":{"footnotes":""},"class_list":["post-15842","page","type-page","status-publish","hentry"],"yoast_head":"<!-- This site is optimized with the Yoast SEO plugin v27.3 - https:\/\/yoast.com\/product\/yoast-seo-wordpress\/ -->\n<title>Types of Cleft Lip and\/or Palate - myFace<\/title>\n<meta name=\"description\" content=\"Types of Cleft Lip and\/or Palates can differ in severity on a case by case basis: mild case of cleft palate may affect only a small portion of the roof of the mouth or the cleft can extend along the entire length of the palate.\" \/>\n<meta name=\"robots\" content=\"index, follow, max-snippet:-1, max-image-preview:large, max-video-preview:-1\" \/>\n<link rel=\"canonical\" href=\"https:\/\/www.myface.org\/es\/craniofacial-conditions\/cleft-lip-and-or-palate\/types-of-cleft\/\" \/>\n<meta property=\"og:locale\" content=\"es_ES\" \/>\n<meta property=\"og:type\" content=\"article\" \/>\n<meta property=\"og:title\" content=\"Types of Cleft Lip and\/or Palate - myFace\" \/>\n<meta property=\"og:description\" content=\"Types of Cleft Lip and\/or Palates can differ in severity on a case by case basis: mild case of cleft palate may affect only a small portion of the roof of the mouth or the cleft can extend along the entire length of the palate.\" \/>\n<meta property=\"og:url\" content=\"https:\/\/www.myface.org\/es\/craniofacial-conditions\/cleft-lip-and-or-palate\/types-of-cleft\/\" \/>\n<meta property=\"og:site_name\" content=\"myFace\" \/>\n<meta property=\"article:publisher\" content=\"https:\/\/www.facebook.com\/myFaceFoundation\/\" \/>\n<meta property=\"article:modified_time\" content=\"2023-06-21T02:51:10+00:00\" \/>\n<meta name=\"twitter:card\" content=\"summary_large_image\" \/>\n<meta name=\"twitter:site\" content=\"@thisis_myface\" \/>\n<meta name=\"twitter:label1\" content=\"Tiempo de lectura\" \/>\n\t<meta name=\"twitter:data1\" content=\"3 minutos\" \/>\n<script type=\"application\/ld+json\" class=\"yoast-schema-graph\">{\"@context\":\"https:\\\/\\\/schema.org\",\"@graph\":[{\"@type\":\"WebPage\",\"@id\":\"https:\\\/\\\/www.myface.org\\\/craniofacial-conditions\\\/cleft-lip-and-or-palate\\\/types-of-cleft\\\/\",\"url\":\"https:\\\/\\\/www.myface.org\\\/craniofacial-conditions\\\/cleft-lip-and-or-palate\\\/types-of-cleft\\\/\",\"name\":\"Types of Cleft Lip and\\\/or Palate - myFace\",\"isPartOf\":{\"@id\":\"https:\\\/\\\/www.myface.org\\\/#website\"},\"datePublished\":\"2022-05-20T04:31:13+00:00\",\"dateModified\":\"2023-06-21T02:51:10+00:00\",\"description\":\"Types of Cleft Lip and\\\/or Palates can differ in severity on a case by case basis: mild case of cleft palate may affect only a small portion of the roof of the mouth or the cleft can extend along the entire length of the palate.\",\"breadcrumb\":{\"@id\":\"https:\\\/\\\/www.myface.org\\\/craniofacial-conditions\\\/cleft-lip-and-or-palate\\\/types-of-cleft\\\/#breadcrumb\"},\"inLanguage\":\"es\",\"potentialAction\":[{\"@type\":\"ReadAction\",\"target\":[\"https:\\\/\\\/www.myface.org\\\/craniofacial-conditions\\\/cleft-lip-and-or-palate\\\/types-of-cleft\\\/\"]}]},{\"@type\":\"BreadcrumbList\",\"@id\":\"https:\\\/\\\/www.myface.org\\\/craniofacial-conditions\\\/cleft-lip-and-or-palate\\\/types-of-cleft\\\/#breadcrumb\",\"itemListElement\":[{\"@type\":\"ListItem\",\"position\":1,\"name\":\"Home\",\"item\":\"https:\\\/\\\/www.myface.org\\\/\"},{\"@type\":\"ListItem\",\"position\":2,\"name\":\"Craniofacial Conditions\",\"item\":\"https:\\\/\\\/www.myface.org\\\/craniofacial-conditions\\\/\"},{\"@type\":\"ListItem\",\"position\":3,\"name\":\"Cleft Lip and\\\/or Palate\",\"item\":\"https:\\\/\\\/www.myface.org\\\/craniofacial-conditions\\\/cleft-lip-and-or-palate\\\/\"},{\"@type\":\"ListItem\",\"position\":4,\"name\":\"Types of Cleft Lip and\\\/or Palate\"}]},{\"@type\":\"WebSite\",\"@id\":\"https:\\\/\\\/www.myface.org\\\/#website\",\"url\":\"https:\\\/\\\/www.myface.org\\\/\",\"name\":\"myFace\",\"description\":\"We are the National Model for Craniofacial Care and Treatment.\",\"potentialAction\":[{\"@type\":\"SearchAction\",\"target\":{\"@type\":\"EntryPoint\",\"urlTemplate\":\"https:\\\/\\\/www.myface.org\\\/?s={search_term_string}\"},\"query-input\":{\"@type\":\"PropertyValueSpecification\",\"valueRequired\":true,\"valueName\":\"search_term_string\"}}],\"inLanguage\":\"es\"}]}<\/script>\n<!-- \/ Yoast SEO plugin. -->","yoast_head_json":{"title":"Tipos de labio hendido y\/o paladar hendido - myFace","description":"Los tipos de labio hendido y\/o paladar hendido pueden diferir en gravedad seg\u00fan cada caso: un caso leve de paladar hendido puede afectar s\u00f3lo una peque\u00f1a porci\u00f3n del paladar o la hendidura puede extenderse a lo largo de todo el paladar.","robots":{"index":"index","follow":"follow","max-snippet":"max-snippet:-1","max-image-preview":"max-image-preview:large","max-video-preview":"max-video-preview:-1"},"canonical":"https:\/\/www.myface.org\/es\/craniofacial-conditions\/cleft-lip-and-or-palate\/types-of-cleft\/","og_locale":"es_ES","og_type":"article","og_title":"Types of Cleft Lip and\/or Palate - myFace","og_description":"Types of Cleft Lip and\/or Palates can differ in severity on a case by case basis: mild case of cleft palate may affect only a small portion of the roof of the mouth or the cleft can extend along the entire length of the palate.","og_url":"https:\/\/www.myface.org\/es\/craniofacial-conditions\/cleft-lip-and-or-palate\/types-of-cleft\/","og_site_name":"myFace","article_publisher":"https:\/\/www.facebook.com\/myFaceFoundation\/","article_modified_time":"2023-06-21T02:51:10+00:00","twitter_card":"summary_large_image","twitter_site":"@thisis_myface","twitter_misc":{"Tiempo de lectura":"3 minutos"},"schema":{"@context":"https:\/\/schema.org","@graph":[{"@type":"WebPage","@id":"https:\/\/www.myface.org\/craniofacial-conditions\/cleft-lip-and-or-palate\/types-of-cleft\/","url":"https:\/\/www.myface.org\/craniofacial-conditions\/cleft-lip-and-or-palate\/types-of-cleft\/","name":"Tipos de labio hendido y\/o paladar hendido - myFace","isPartOf":{"@id":"https:\/\/www.myface.org\/#website"},"datePublished":"2022-05-20T04:31:13+00:00","dateModified":"2023-06-21T02:51:10+00:00","description":"Los tipos de labio hendido y\/o paladar hendido pueden diferir en gravedad seg\u00fan cada caso: un caso leve de paladar hendido puede afectar s\u00f3lo una peque\u00f1a porci\u00f3n del paladar o la hendidura puede extenderse a lo largo de todo el paladar.","breadcrumb":{"@id":"https:\/\/www.myface.org\/craniofacial-conditions\/cleft-lip-and-or-palate\/types-of-cleft\/#breadcrumb"},"inLanguage":"es","potentialAction":[{"@type":"ReadAction","target":["https:\/\/www.myface.org\/craniofacial-conditions\/cleft-lip-and-or-palate\/types-of-cleft\/"]}]},{"@type":"BreadcrumbList","@id":"https:\/\/www.myface.org\/craniofacial-conditions\/cleft-lip-and-or-palate\/types-of-cleft\/#breadcrumb","itemListElement":[{"@type":"ListItem","position":1,"name":"Home","item":"https:\/\/www.myface.org\/"},{"@type":"ListItem","position":2,"name":"Craniofacial Conditions","item":"https:\/\/www.myface.org\/craniofacial-conditions\/"},{"@type":"ListItem","position":3,"name":"Cleft Lip and\/or Palate","item":"https:\/\/www.myface.org\/craniofacial-conditions\/cleft-lip-and-or-palate\/"},{"@type":"ListItem","position":4,"name":"Types of Cleft Lip and\/or Palate"}]},{"@type":"WebSite","@id":"https:\/\/www.myface.org\/#website","url":"https:\/\/www.myface.org\/","name":"de myFace","description":"Somos el Modelo Nacional de Atenci\u00f3n y Tratamiento Craneofacial.","potentialAction":[{"@type":"SearchAction","target":{"@type":"EntryPoint","urlTemplate":"https:\/\/www.myface.org\/?s={search_term_string}"},"query-input":{"@type":"PropertyValueSpecification","valueRequired":true,"valueName":"search_term_string"}}],"inLanguage":"es"}]}},"_links":{"self":[{"href":"https:\/\/www.myface.org\/es\/wp-json\/wp\/v2\/pages\/15842","targetHints":{"allow":["GET"]}}],"collection":[{"href":"https:\/\/www.myface.org\/es\/wp-json\/wp\/v2\/pages"}],"about":[{"href":"https:\/\/www.myface.org\/es\/wp-json\/wp\/v2\/types\/page"}],"author":[{"embeddable":true,"href":"https:\/\/www.myface.org\/es\/wp-json\/wp\/v2\/users\/21"}],"replies":[{"embeddable":true,"href":"https:\/\/www.myface.org\/es\/wp-json\/wp\/v2\/comments?post=15842"}],"version-history":[{"count":15,"href":"https:\/\/www.myface.org\/es\/wp-json\/wp\/v2\/pages\/15842\/revisions"}],"predecessor-version":[{"id":18773,"href":"https:\/\/www.myface.org\/es\/wp-json\/wp\/v2\/pages\/15842\/revisions\/18773"}],"up":[{"embeddable":true,"href":"https:\/\/www.myface.org\/es\/wp-json\/wp\/v2\/pages\/15821"}],"wp:attachment":[{"href":"https:\/\/www.myface.org\/es\/wp-json\/wp\/v2\/media?parent=15842"}],"curies":[{"name":"wp","href":"https:\/\/api.w.org\/{rel}","templated":true}]}}