{"id":11940,"date":"2020-11-16T17:47:44","date_gmt":"2020-11-16T22:47:44","guid":{"rendered":"https:\/\/www.myface.org\/?page_id=11940"},"modified":"2025-11-20T13:25:52","modified_gmt":"2025-11-20T18:25:52","slug":"annual-appeal","status":"publish","type":"page","link":"https:\/\/www.myface.org\/es\/annual-appeal\/","title":{"rendered":"myFace Annual Appeal"},"content":{"rendered":"<div class=\"wpb-content-wrapper\"><div class=\"vc_row wpb_row vc_row-fluid\"><div class=\"wpb_column vc_column_container vc_col-sm-12\"><div class=\"vc_column-inner\"><div class=\"wpb_wrapper\">\n\t<div  class=\"wpb_single_image wpb_content_element vc_align_center wpb_content_element\">\n\t\t\n\t\t<figure class=\"wpb_wrapper vc_figure\">\n\t\t\t<div class=\"vc_single_image-wrapper   vc_box_border_grey\"><img loading=\"lazy\" decoding=\"async\" width=\"2560\" height=\"1098\" src=\"https:\/\/www.myface.org\/wp-content\/uploads\/2025\/11\/aa2025-hero-scaled.jpg\" class=\"vc_single_image-img attachment-full\" alt=\"\" title=\"Screenshot\" srcset=\"https:\/\/www.myface.org\/wp-content\/uploads\/2025\/11\/aa2025-hero-scaled.jpg 2560w, https:\/\/www.myface.org\/wp-content\/uploads\/2025\/11\/aa2025-hero-300x129.jpg 300w, https:\/\/www.myface.org\/wp-content\/uploads\/2025\/11\/aa2025-hero-1024x439.jpg 1024w, https:\/\/www.myface.org\/wp-content\/uploads\/2025\/11\/aa2025-hero-768x329.jpg 768w, https:\/\/www.myface.org\/wp-content\/uploads\/2025\/11\/aa2025-hero-1536x659.jpg 1536w, https:\/\/www.myface.org\/wp-content\/uploads\/2025\/11\/aa2025-hero-2048x878.jpg 2048w, https:\/\/www.myface.org\/wp-content\/uploads\/2025\/11\/aa2025-hero-18x8.jpg 18w\" sizes=\"auto, (max-width: 2560px) 100vw, 2560px\" \/><\/div>\n\t\t<\/figure>\n\t<\/div>\n<\/div><\/div><\/div><\/div><div class=\"vc_row wpb_row vc_row-fluid\"><div class=\"wpb_column vc_column_container vc_col-sm-10 vc_col-lg-offset-1 vc_col-md-offset-1 vc_col-sm-offset-0\"><div class=\"vc_column-inner\"><div class=\"wpb_wrapper\"><div class=\"vc_row wpb_row vc_inner vc_row-fluid\"><div class=\"wpb_column vc_column_container vc_col-sm-12\"><div class=\"vc_column-inner\"><div class=\"wpb_wrapper\">\n\t<div class=\"wpb_text_column wpb_content_element\" >\n\t\t<div class=\"wpb_wrapper\">\n\t\t\t<h1>Annual Appeal 2025<\/h1>\n<h3>Sea cual sea la forma de donar, su ayuda tiene un impacto directo y duradero.<\/h3>\n<p>Al hacer un donativo a myFace, nos permite continuar con nuestra misi\u00f3n de proporcionar atenci\u00f3n y apoyo craneofaciales integrales de calidad, as\u00ed como educaci\u00f3n e informaci\u00f3n que capaciten a los pacientes, las familias y la comunidad craneofacial en general, permiti\u00e9ndoles llevar una vida plena y productiva.<\/p>\n\n\t\t<\/div>\n\t<\/div>\n<div class=\"ult-spacer spacer-69d0a82b76b02\" data-id=\"69d0a82b76b02\" data-height=\"40\" data-height-mobile=\"10\" data-height-tab=\"10\" data-height-tab-portrait=\"10\" data-height-mobile-landscape=\"10\" style=\"clear:both;display:block;\"><\/div><\/div><\/div><\/div><\/div><div class=\"vc_row wpb_row vc_inner vc_row-fluid\"><div class=\"wpb_column vc_column_container vc_col-sm-6\"><div class=\"vc_column-inner\"><div class=\"wpb_wrapper\">\n\t<div class=\"wpb_raw_code wpb_raw_html wpb_content_element\" >\n\t\t<div class=\"wpb_wrapper\">\n\t\t\t<center><div id=\"fr-placed-form-container-45494\" style=\"min-height: 816px;\"><\/div><\/center>\n\n\t\t<\/div>\n\t<\/div>\n<\/div><\/div><\/div><div class=\"wpb_column vc_column_container vc_col-sm-6\"><div class=\"vc_column-inner\"><div class=\"wpb_wrapper\">\n\t<div  class=\"wpb_single_image wpb_content_element vc_align_center wpb_content_element\">\n\t\t\n\t\t<figure class=\"wpb_wrapper vc_figure\">\n\t\t\t<div class=\"vc_single_image-wrapper   vc_box_border_grey\"><img loading=\"lazy\" decoding=\"async\" width=\"1349\" height=\"1737\" src=\"https:\/\/www.myface.org\/wp-content\/uploads\/2025\/11\/aa2025-races-for-faces-quote.jpg\" class=\"vc_single_image-img attachment-full\" alt=\"\" title=\"aa2025-races-for-faces-quote\" srcset=\"https:\/\/www.myface.org\/wp-content\/uploads\/2025\/11\/aa2025-races-for-faces-quote.jpg 1349w, https:\/\/www.myface.org\/wp-content\/uploads\/2025\/11\/aa2025-races-for-faces-quote-233x300.jpg 233w, https:\/\/www.myface.org\/wp-content\/uploads\/2025\/11\/aa2025-races-for-faces-quote-795x1024.jpg 795w, https:\/\/www.myface.org\/wp-content\/uploads\/2025\/11\/aa2025-races-for-faces-quote-768x989.jpg 768w, https:\/\/www.myface.org\/wp-content\/uploads\/2025\/11\/aa2025-races-for-faces-quote-1193x1536.jpg 1193w, https:\/\/www.myface.org\/wp-content\/uploads\/2025\/11\/aa2025-races-for-faces-quote-9x12.jpg 9w\" sizes=\"auto, (max-width: 1349px) 100vw, 1349px\" \/><\/div>\n\t\t<\/figure>\n\t<\/div>\n<\/div><\/div><\/div><\/div><div class=\"ult-spacer spacer-69d0a82b76f0f\" data-id=\"69d0a82b76f0f\" data-height=\"40\" data-height-mobile=\"10\" data-height-tab=\"10\" data-height-tab-portrait=\"10\" data-height-mobile-landscape=\"10\" style=\"clear:both;display:block;\"><\/div><div class=\"vc_row wpb_row vc_inner vc_row-fluid\"><div class=\"wpb_column vc_column_container vc_col-sm-6\"><div class=\"vc_column-inner\"><div class=\"wpb_wrapper\">\n\t<div  class=\"wpb_single_image wpb_content_element vc_align_center wpb_content_element\">\n\t\t\n\t\t<figure class=\"wpb_wrapper vc_figure\">\n\t\t\t<div class=\"vc_single_image-wrapper   vc_box_border_grey\"><img loading=\"lazy\" decoding=\"async\" width=\"1349\" height=\"1737\" src=\"https:\/\/www.myface.org\/wp-content\/uploads\/2025\/11\/aa2025-poem.png\" class=\"vc_single_image-img attachment-full\" alt=\"\" title=\"aa2025-poem\" srcset=\"https:\/\/www.myface.org\/wp-content\/uploads\/2025\/11\/aa2025-poem.png 1349w, https:\/\/www.myface.org\/wp-content\/uploads\/2025\/11\/aa2025-poem-233x300.png 233w, https:\/\/www.myface.org\/wp-content\/uploads\/2025\/11\/aa2025-poem-795x1024.png 795w, https:\/\/www.myface.org\/wp-content\/uploads\/2025\/11\/aa2025-poem-768x989.png 768w, https:\/\/www.myface.org\/wp-content\/uploads\/2025\/11\/aa2025-poem-1193x1536.png 1193w, https:\/\/www.myface.org\/wp-content\/uploads\/2025\/11\/aa2025-poem-9x12.png 9w\" sizes=\"auto, (max-width: 1349px) 100vw, 1349px\" \/><\/div>\n\t\t<\/figure>\n\t<\/div>\n<\/div><\/div><\/div><div class=\"wpb_column vc_column_container vc_col-sm-6\"><div class=\"vc_column-inner\"><div class=\"wpb_wrapper\">\n\t<div class=\"wpb_text_column wpb_content_element\" >\n\t\t<div class=\"wpb_wrapper\">\n\t\t\t<h3 class=\"t m0 x8 hc y4e ff2 fsa fc4 sc0 ls10 ws35 click-checked\"><strong>Since 1951, myFace has provided free services, programs and access to care for the craniofacial community, bringing people together, and helping each of us realize our individual potential.<\/strong><\/h3>\n\n\t\t<\/div>\n\t<\/div>\n\n\t<div class=\"wpb_text_column wpb_content_element\" >\n\t\t<div class=\"wpb_wrapper\">\n\t\t\t<p>We partner with the <strong>myFace Center for Craniofacial Care at NYU Langone Health<\/strong> to ensure patients receive speech therapy, nutritional support, orthodontics and psychosocial care, including expanded services through our Chicago partners.<\/p>\n<p>Our <strong>Community Engagement Events<\/strong> help families and adults build friendships, share experiences, and feel truly understood.<\/p>\n<p>Our <strong>Online Support Groups<\/strong> in English and Spanish help kids, teens and adults feel less alone while building confidence and community.<\/p>\n<p>We provide <strong>tinyFaces care kits<\/strong> to newborns and families facing feeding challenges, offering comfort and essential tools when they\u2019re needed most.<\/p>\n<p>Through <strong>The Wonder Project<\/strong>, we inspire students in schools to celebrate differences with kindness and empathy. And our growing digital programs \u2014 including <strong>Zoom events, webinars, a podcast<\/strong> and other online resources \u2014 bring people together wherever they are.<\/p>\n\n\t\t<\/div>\n\t<\/div>\n<div class=\"ubtn-ctn-center\"><a class=\"ubtn-link ult-adjust-bottom-margin ubtn-center ubtn-large\" href=\"#fr-placed-form-container-45494\" ><button type=\"button\" id=\"ubtn-5807\"  class=\"ubtn ult-adjust-bottom-margin ult-responsive ubtn-large ubtn-no-hover-bg  none  ubtn-center   tooltip-69d0a82b7735c\"  data-hover=\"\" data-border-color=\"\" data-bg=\"#F02099\" data-hover-bg=\"\" data-border-hover=\"\" data-shadow-hover=\"\" data-shadow-click=\"none\" data-shadow=\"\" data-shd-shadow=\"\"  data-ultimate-target='#ubtn-5807'  data-responsive-json-new='{\"font-size\":\"desktop:18px;\",\"line-height\":\"\"}'  style=\"font-weight:bold;border:none;background: #F02099;color: #FFFFFF;\"><span class=\"ubtn-hover\" style=\"background-color:\"><\/span><span class=\"ubtn-data ubtn-text\" >Give Now<\/span><\/button><\/a><\/div><\/div><\/div><\/div><\/div><\/div><\/div><\/div><\/div><div class=\"vc_row wpb_row vc_row-fluid\"><div class=\"wpb_column vc_column_container vc_col-sm-12 vc_col-lg-offset-0 vc_col-md-offset-0 vc_col-sm-offset-0\"><div class=\"vc_column-inner\"><div class=\"wpb_wrapper\"><div class=\"vc_row wpb_row vc_inner vc_row-fluid\"><div class=\"wpb_column vc_column_container vc_col-sm-12\"><div class=\"vc_column-inner\"><div class=\"wpb_wrapper\"><div class=\"ult-spacer spacer-69d0a82b7763f\" data-id=\"69d0a82b7763f\" data-height=\"40\" data-height-mobile=\"10\" data-height-tab=\"10\" data-height-tab-portrait=\"10\" data-height-mobile-landscape=\"10\" style=\"clear:both;display:block;\"><\/div><div id=\"ultimate-heading-12169d0a82b7765f\" class=\"uvc-heading ult-adjust-bottom-margin ultimate-heading-12169d0a82b7765f uvc-7820\" data-hspacer=\"no_spacer\"  data-halign=\"center\" style=\"text-align:center\"><div class=\"uvc-heading-spacer no_spacer\" style=\"top\"><\/div><div class=\"uvc-main-heading ult-responsive\"  data-ultimate-target='.uvc-heading.ultimate-heading-12169d0a82b7765f h2'  data-responsive-json-new='{\"font-size\":\"\",\"line-height\":\"\"}' ><h2 style=\"font-weight:normal;\">Read our 2025 Annual Appeal flipbook<\/h2><\/div><\/div><\/div><\/div><\/div><\/div><div class=\"vc_row wpb_row vc_inner vc_row-fluid\"><div class=\"wpb_column vc_column_container vc_col-sm-12\"><div class=\"vc_column-inner\"><div class=\"wpb_wrapper\">\n\t<div class=\"wpb_raw_code wpb_raw_html wpb_content_element\" >\n\t\t<div class=\"wpb_wrapper\">\n\t\t\t<iframe src='https:\/\/simplebooklet.com\/embed.php?wpKey=EFz2j9uu2XlbwHdmx6mGkM&source=embed' allowfullscreen width='100%' height='680' style='border: 0; overflow: hidden; width: 1px; min-width: 100%; max-width:532px;' scrolling='no'><\/iframe>\n\t\t<\/div>\n\t<\/div>\n<\/div><\/div><\/div><\/div><\/div><\/div><\/div><\/div><div class=\"vc_row wpb_row vc_row-fluid\"><div class=\"wpb_column vc_column_container vc_col-sm-12\"><div class=\"vc_column-inner\"><div class=\"wpb_wrapper\">\n\t<div class=\"wpb_raw_code wpb_raw_js\" >\n\t\t<div class=\"wpb_wrapper\">\n\t\t\t<!-- Form Configuration Code -->\n<script>\n\n  window.funraise.push('onSetup', { form: 45494 }, function() { \n    \/\/ Send form load event to GTM\n    dataLayer.push({\n    'event': 'funraise_view',\n  });\n  });\n\n  window.funraise.push('onInfo', { form: 45494 }, function(donor) {\n    \/\/ Send form contact event to GTM\n    dataLayer.push({\n    'event': 'funraise_donorinfo',\n    'event_category': donor.email,\n  });\n  });\n\n  window.funraise.push('onSuccess', { form: 45494 }, function(donor, donation) {\n    \/\/ Send donationSuccess event to GTM\n    dataLayer.push({\n    'event': 'funraise_donation',\n    'funraise_value': donation.amount,\n  });\n  });\n\n  window.funraise.push('onFailure', { form: 45494 }, function(donor, donation) {\n    \/\/ Send donationFailure event to GTM\n  dataLayer.push({\n    'event': 'funraise_failure',\n    'event_category': donation.formName,\n  });\n  });\n<\/script>\n\n\n\t\t<\/div>\n\t<\/div>\n<\/div><\/div><\/div><\/div>\n<\/div>","protected":false},"excerpt":{"rendered":"<p><a class=\"sd-more sd-all-trans\" href=\"https:\/\/www.myface.org\/es\/annual-appeal\/#more-11940\">Leer m\u00e1s<\/a><\/p>","protected":false},"author":2,"featured_media":0,"parent":0,"menu_order":0,"comment_status":"closed","ping_status":"closed","template":"full-width-page.php","meta":{"footnotes":""},"class_list":["post-11940","page","type-page","status-publish","hentry"],"yoast_head":"<!-- This site is optimized with the Yoast SEO plugin v27.2 - https:\/\/yoast.com\/product\/yoast-seo-wordpress\/ -->\n<title>myFace Annual Appeal - myFace<\/title>\n<meta name=\"robots\" content=\"index, follow, max-snippet:-1, max-image-preview:large, max-video-preview:-1\" \/>\n<link rel=\"canonical\" href=\"https:\/\/www.myface.org\/es\/annual-appeal\/\" \/>\n<meta property=\"og:locale\" content=\"es_ES\" \/>\n<meta property=\"og:type\" content=\"article\" \/>\n<meta property=\"og:title\" content=\"myFace Annual Appeal - myFace\" \/>\n<meta property=\"og:description\" content=\"Read More\" \/>\n<meta property=\"og:url\" content=\"https:\/\/www.myface.org\/es\/annual-appeal\/\" \/>\n<meta property=\"og:site_name\" content=\"myFace\" \/>\n<meta property=\"article:publisher\" content=\"https:\/\/www.facebook.com\/myFaceFoundation\/\" \/>\n<meta property=\"article:modified_time\" content=\"2025-11-20T18:25:52+00:00\" \/>\n<meta name=\"twitter:card\" content=\"summary_large_image\" \/>\n<meta name=\"twitter:site\" content=\"@thisis_myface\" \/>\n<meta name=\"twitter:label1\" content=\"Tiempo de lectura\" \/>\n\t<meta name=\"twitter:data1\" content=\"2 minutos\" \/>\n<script type=\"application\/ld+json\" class=\"yoast-schema-graph\">{\"@context\":\"https:\/\/schema.org\",\"@graph\":[{\"@type\":\"WebPage\",\"@id\":\"https:\/\/www.myface.org\/annual-appeal\/\",\"url\":\"https:\/\/www.myface.org\/annual-appeal\/\",\"name\":\"myFace Annual Appeal - myFace\",\"isPartOf\":{\"@id\":\"https:\/\/www.myface.org\/#website\"},\"datePublished\":\"2020-11-16T22:47:44+00:00\",\"dateModified\":\"2025-11-20T18:25:52+00:00\",\"breadcrumb\":{\"@id\":\"https:\/\/www.myface.org\/annual-appeal\/#breadcrumb\"},\"inLanguage\":\"es\",\"potentialAction\":[{\"@type\":\"ReadAction\",\"target\":[\"https:\/\/www.myface.org\/annual-appeal\/\"]}]},{\"@type\":\"BreadcrumbList\",\"@id\":\"https:\/\/www.myface.org\/annual-appeal\/#breadcrumb\",\"itemListElement\":[{\"@type\":\"ListItem\",\"position\":1,\"name\":\"Home\",\"item\":\"https:\/\/www.myface.org\/\"},{\"@type\":\"ListItem\",\"position\":2,\"name\":\"myFace Annual Appeal\"}]},{\"@type\":\"WebSite\",\"@id\":\"https:\/\/www.myface.org\/#website\",\"url\":\"https:\/\/www.myface.org\/\",\"name\":\"myFace\",\"description\":\"We are the National Model for Craniofacial Care and Treatment.\",\"potentialAction\":[{\"@type\":\"SearchAction\",\"target\":{\"@type\":\"EntryPoint\",\"urlTemplate\":\"https:\/\/www.myface.org\/?s={search_term_string}\"},\"query-input\":{\"@type\":\"PropertyValueSpecification\",\"valueRequired\":true,\"valueName\":\"search_term_string\"}}],\"inLanguage\":\"es\"}]}<\/script>\n<!-- \/ Yoast SEO plugin. -->","yoast_head_json":{"title":"myFace Annual Appeal - myFace","robots":{"index":"index","follow":"follow","max-snippet":"max-snippet:-1","max-image-preview":"max-image-preview:large","max-video-preview":"max-video-preview:-1"},"canonical":"https:\/\/www.myface.org\/es\/annual-appeal\/","og_locale":"es_ES","og_type":"article","og_title":"myFace Annual Appeal - myFace","og_description":"Read More","og_url":"https:\/\/www.myface.org\/es\/annual-appeal\/","og_site_name":"myFace","article_publisher":"https:\/\/www.facebook.com\/myFaceFoundation\/","article_modified_time":"2025-11-20T18:25:52+00:00","twitter_card":"summary_large_image","twitter_site":"@thisis_myface","twitter_misc":{"Tiempo de lectura":"2 minutos"},"schema":{"@context":"https:\/\/schema.org","@graph":[{"@type":"WebPage","@id":"https:\/\/www.myface.org\/annual-appeal\/","url":"https:\/\/www.myface.org\/annual-appeal\/","name":"myFace Annual Appeal - myFace","isPartOf":{"@id":"https:\/\/www.myface.org\/#website"},"datePublished":"2020-11-16T22:47:44+00:00","dateModified":"2025-11-20T18:25:52+00:00","breadcrumb":{"@id":"https:\/\/www.myface.org\/annual-appeal\/#breadcrumb"},"inLanguage":"es","potentialAction":[{"@type":"ReadAction","target":["https:\/\/www.myface.org\/annual-appeal\/"]}]},{"@type":"BreadcrumbList","@id":"https:\/\/www.myface.org\/annual-appeal\/#breadcrumb","itemListElement":[{"@type":"ListItem","position":1,"name":"Home","item":"https:\/\/www.myface.org\/"},{"@type":"ListItem","position":2,"name":"myFace Annual Appeal"}]},{"@type":"WebSite","@id":"https:\/\/www.myface.org\/#website","url":"https:\/\/www.myface.org\/","name":"de myFace","description":"Somos el Modelo Nacional de Atenci\u00f3n y Tratamiento Craneofacial.","potentialAction":[{"@type":"SearchAction","target":{"@type":"EntryPoint","urlTemplate":"https:\/\/www.myface.org\/?s={search_term_string}"},"query-input":{"@type":"PropertyValueSpecification","valueRequired":true,"valueName":"search_term_string"}}],"inLanguage":"es"}]}},"_links":{"self":[{"href":"https:\/\/www.myface.org\/es\/wp-json\/wp\/v2\/pages\/11940","targetHints":{"allow":["GET"]}}],"collection":[{"href":"https:\/\/www.myface.org\/es\/wp-json\/wp\/v2\/pages"}],"about":[{"href":"https:\/\/www.myface.org\/es\/wp-json\/wp\/v2\/types\/page"}],"author":[{"embeddable":true,"href":"https:\/\/www.myface.org\/es\/wp-json\/wp\/v2\/users\/2"}],"replies":[{"embeddable":true,"href":"https:\/\/www.myface.org\/es\/wp-json\/wp\/v2\/comments?post=11940"}],"version-history":[{"count":57,"href":"https:\/\/www.myface.org\/es\/wp-json\/wp\/v2\/pages\/11940\/revisions"}],"predecessor-version":[{"id":22040,"href":"https:\/\/www.myface.org\/es\/wp-json\/wp\/v2\/pages\/11940\/revisions\/22040"}],"wp:attachment":[{"href":"https:\/\/www.myface.org\/es\/wp-json\/wp\/v2\/media?parent=11940"}],"curies":[{"name":"wp","href":"https:\/\/api.w.org\/{rel}","templated":true}]}}