{"id":11085,"date":"2020-09-17T14:56:15","date_gmt":"2020-09-17T18:56:15","guid":{"rendered":"https:\/\/www.myface.org\/?page_id=11085"},"modified":"2024-01-18T00:33:40","modified_gmt":"2024-01-18T05:33:40","slug":"joe-graf-jr-racing","status":"publish","type":"page","link":"https:\/\/www.myface.org\/es\/joe-graf-jr-racing\/","title":{"rendered":"myFace and Joe Graf Jr."},"content":{"rendered":"<div class=\"wpb-content-wrapper\"><div class=\"vc_row wpb_row vc_row-fluid\"><div class=\"container\"><div class=\"sd-centered-wrapper\"><div class=\"wpb_column vc_column_container vc_col-sm-12\"><div class=\"vc_column-inner\"><div class=\"wpb_wrapper\">\n\t<div  class=\"wpb_single_image wpb_content_element vc_align_left wpb_content_element\">\n\t\t\n\t\t<figure class=\"wpb_wrapper vc_figure\">\n\t\t\t<div class=\"vc_single_image-wrapper   vc_box_border_grey\"><img loading=\"lazy\" decoding=\"async\" width=\"2000\" height=\"1000\" src=\"https:\/\/www.myface.org\/wp-content\/uploads\/2020\/09\/my-face-donate-graphic.jpg\" class=\"vc_single_image-img attachment-full\" alt=\"\" title=\"my face donate graphic\" srcset=\"https:\/\/www.myface.org\/wp-content\/uploads\/2020\/09\/my-face-donate-graphic.jpg 2000w, https:\/\/www.myface.org\/wp-content\/uploads\/2020\/09\/my-face-donate-graphic-300x150.jpg 300w, https:\/\/www.myface.org\/wp-content\/uploads\/2020\/09\/my-face-donate-graphic-1024x512.jpg 1024w, https:\/\/www.myface.org\/wp-content\/uploads\/2020\/09\/my-face-donate-graphic-768x384.jpg 768w, https:\/\/www.myface.org\/wp-content\/uploads\/2020\/09\/my-face-donate-graphic-1536x768.jpg 1536w\" sizes=\"auto, (max-width: 2000px) 100vw, 2000px\" \/><\/div>\n\t\t<\/figure>\n\t<\/div>\n<div id=\"ultimate-heading-290569d72a366d1ae\" class=\"uvc-heading ult-adjust-bottom-margin ultimate-heading-290569d72a366d1ae uvc-5527\" data-hspacer=\"no_spacer\"  data-halign=\"center\" style=\"text-align:center\"><div class=\"uvc-heading-spacer no_spacer\" style=\"top\"><\/div><div class=\"uvc-main-heading ult-responsive\"  data-ultimate-target='.uvc-heading.ultimate-heading-290569d72a366d1ae h2'  data-responsive-json-new='{\"font-size\":\"\",\"line-height\":\"\"}' ><h2 style=\"font-weight:normal;color:#ffffff;\">Joe Graf Jr. has partnered with myFace to help raise funds, and awareness for the craniofacial community!<\/h2><\/div><\/div><div class=\"vc_empty_space\"   style=\"height: 32px\"><span class=\"vc_empty_space_inner\"><\/span><\/div><\/div><\/div><\/div><\/div><\/div><\/div><!-- Row Backgrounds --><div class=\"upb_color\" data-bg-override=\"0\" data-bg-color=\"#2fbdd0\" data-fadeout=\"\" data-fadeout-percentage=\"30\" data-parallax-content=\"\" data-parallax-content-sense=\"30\" data-row-effect-mobile-disable=\"true\" data-img-parallax-mobile-disable=\"true\" data-rtl=\"false\"  data-custom-vc-row=\"\"  data-vc=\"8.0\"  data-is_old_vc=\"\"  data-theme-support=\"enable\"   data-overlay=\"false\" data-overlay-color=\"\" data-overlay-pattern=\"\" data-overlay-pattern-opacity=\"\" data-overlay-pattern-size=\"\"    ><\/div><div class=\"vc_row wpb_row vc_row-fluid\"><div class=\"container\"><div class=\"sd-centered-wrapper\"><div class=\"wpb_column vc_column_container vc_col-sm-12\"><div class=\"vc_column-inner\"><div class=\"wpb_wrapper\"><div class=\"ult-spacer spacer-69d72a366d3e0\" data-id=\"69d72a366d3e0\" data-height=\"60\" data-height-mobile=\"50\" data-height-tab=\"\" data-height-tab-portrait=\"\" data-height-mobile-landscape=\"\" style=\"clear:both;display:block;\"><\/div><div class=\"vc_row wpb_row vc_inner vc_row-fluid\"><div class=\"wpb_column vc_column_container vc_col-sm-6\"><div class=\"vc_column-inner\"><div class=\"wpb_wrapper\">\n\t<div  class=\"wpb_single_image wpb_content_element vc_align_left wpb_content_element\">\n\t\t\n\t\t<figure class=\"wpb_wrapper vc_figure\">\n\t\t\t<div class=\"vc_single_image-wrapper   vc_box_border_grey\"><img loading=\"lazy\" decoding=\"async\" width=\"1024\" height=\"512\" src=\"https:\/\/www.myface.org\/wp-content\/uploads\/2019\/12\/aa-graf-header-1024x512.jpg\" class=\"vc_single_image-img attachment-large\" alt=\"\" title=\"aa-graf-header\" srcset=\"https:\/\/www.myface.org\/wp-content\/uploads\/2019\/12\/aa-graf-header-1024x512.jpg 1024w, https:\/\/www.myface.org\/wp-content\/uploads\/2019\/12\/aa-graf-header-300x150.jpg 300w, https:\/\/www.myface.org\/wp-content\/uploads\/2019\/12\/aa-graf-header-768x384.jpg 768w\" sizes=\"auto, (max-width: 1024px) 100vw, 1024px\" \/><\/div>\n\t\t<\/figure>\n\t<\/div>\n\n\t<div class=\"wpb_text_column wpb_content_element black-text\" >\n\t\t<div class=\"wpb_wrapper\">\n\t\t\t<p>You can even<strong> join Joe&#8217;s team<\/strong> or you can <strong>start a team of your own<\/strong> or just <strong>make a donation<\/strong> &#8211; and help make a difference in someone&#8217;s life who needs it most.<\/p>\n\n\t\t<\/div>\n\t<\/div>\n<div class=\"ubtn-ctn-center\"><a class=\"ubtn-link ult-adjust-bottom-margin ubtn-center ubtn-small\" href=\"https:\/\/www.myface.org\/wp-content\/uploads\/2020\/09\/FINAL-Joe-Graf-Jr.-Races-for-Faces-Press-Release-09.21.2020.pdf\" target=\"_blank\" rel=\"noopener\" ><button type=\"button\" id=\"ubtn-5156\"  class=\"ubtn ult-adjust-bottom-margin ult-responsive ubtn-small ubtn-fade-bg  none  ubtn-center   tooltip-69d72a366d803\"  data-hover=\"#ffffff\" data-border-color=\"\" data-bg=\"#06c1ce\" data-hover-bg=\"#84c9ce\" data-border-hover=\"\" data-shadow-hover=\"\" data-shadow-click=\"none\" data-shadow=\"\" data-shd-shadow=\"\"  data-ultimate-target='#ubtn-5156'  data-responsive-json-new='{\"font-size\":\"desktop:20px;tablet:15px;tablet_portrait:15px;mobile_landscape:15px;mobile:15px;\",\"line-height\":\"\"}'  style=\"font-weight:normal;border-radius:10px;border-width:1px;border-color:;border-style:solid;background: #06c1ce;color: #ffffff;\"><span class=\"ubtn-hover\" style=\"background-color:#84c9ce\"><\/span><span class=\"ubtn-data ubtn-text\" >Official Press Release<\/span><\/button><\/a><\/div><\/div><\/div><\/div><div class=\"wpb_column vc_column_container vc_col-sm-6\"><div class=\"vc_column-inner\"><div class=\"wpb_wrapper\">\n\t<div class=\"wpb_text_column wpb_content_element\" >\n\t\t<div class=\"wpb_wrapper\">\n\t\t\t<blockquote>\n<p>&#8220;I will be participating in Races for Faces from the Las Vegas (Nev.) Motor Speedway in the NASCAR Xfinity Series Alsco 300 on Saturday, September 26th at 7:30 p.m. ET. \u00a0My car is No. 08 Bucked Up Energy. \u00a0I have committed to my own race to bring attention to myFace&#8217;s work.<\/p>\n<p>I will race in honor of my incredible sister who has triumphed through her own facial differences, I have pledged $10.00 per lap completed. I challenge the NASCAR community to join me by making a gift to my team.<\/p>\n<p>My family and friends are taking part in the cause and I hope you will too!\u00a0 If you&#8217;re able to join us, please consider donating on our behalf!\u00a0 We love working with myFace, and are looking forward to all the good we can provide with funds raised!&#8221;<\/p>\n<p>Joe Graf Jr.<\/p>\n<\/blockquote>\n\n\t\t<\/div>\n\t<\/div>\n<\/div><\/div><\/div><\/div><\/div><\/div><\/div><\/div><\/div><\/div><!-- Row Backgrounds --><div class=\"upb_color\" data-bg-override=\"0\" data-bg-color=\"\" data-fadeout=\"\" data-fadeout-percentage=\"30\" data-parallax-content=\"\" data-parallax-content-sense=\"30\" data-row-effect-mobile-disable=\"true\" data-img-parallax-mobile-disable=\"true\" data-rtl=\"false\"  data-custom-vc-row=\"\"  data-vc=\"8.0\"  data-is_old_vc=\"\"  data-theme-support=\"enable\"   data-overlay=\"false\" data-overlay-color=\"\" data-overlay-pattern=\"\" data-overlay-pattern-opacity=\"\" data-overlay-pattern-size=\"\"    ><\/div><div class=\"vc_row wpb_row vc_row-fluid\"><div class=\"wpb_column vc_column_container vc_col-sm-10 vc_col-lg-offset-3 vc_col-lg-6 vc_col-md-offset-1 vc_col-md-10 vc_col-xs-12\"><div class=\"vc_column-inner\"><div class=\"wpb_wrapper\"><div class=\"vc_row wpb_row vc_inner vc_row-fluid\"><div class=\"wpb_column vc_column_container vc_col-sm-12\"><div class=\"vc_column-inner\"><div class=\"wpb_wrapper\">\n\t<div class=\"wpb_text_column wpb_content_element\" >\n\t\t<div class=\"wpb_wrapper\">\n\t\t\t<p><img loading=\"lazy\" decoding=\"async\" class=\"aligncenter wp-image-10586\" src=\"https:\/\/www.myface.org\/wp-content\/uploads\/2020\/08\/myface-races-for-faces-virtual-e1597768456183-1024x434.png\" alt=\"\" width=\"396\" height=\"168\" srcset=\"https:\/\/www.myface.org\/wp-content\/uploads\/2020\/08\/myface-races-for-faces-virtual-e1597768456183-1024x434.png 1024w, https:\/\/www.myface.org\/wp-content\/uploads\/2020\/08\/myface-races-for-faces-virtual-e1597768456183-300x127.png 300w, https:\/\/www.myface.org\/wp-content\/uploads\/2020\/08\/myface-races-for-faces-virtual-e1597768456183-768x326.png 768w, https:\/\/www.myface.org\/wp-content\/uploads\/2020\/08\/myface-races-for-faces-virtual-e1597768456183.png 1275w\" sizes=\"auto, (max-width: 396px) 100vw, 396px\" \/><\/p>\n<p>September is Craniofacial Acceptance Month and on Saturday, September 26th, myFace will host our <strong><a href=\"https:\/\/p2p.onecause.com\/2020-racesforfaces\" target=\"_blank\" rel=\"noopener noreferrer\">8th Annual Races for Faces Event<\/a><\/strong> to raise critical funds and awareness. myFace has pivoted and this year\u2019s event will be virtual so that everyone anywhere can join! Races for Faces brings families together, celebrates differences while promoting acceptance.<\/p>\n<p>It&#8217;s the support from people like you that make the work we do even possible!<\/p>\n\n\t\t<\/div>\n\t<\/div>\n<\/div><\/div><\/div><\/div><\/div><\/div><\/div><\/div><!-- Row Backgrounds --><div class=\"upb_color\" data-bg-override=\"0\" data-bg-color=\"#efefef\" data-fadeout=\"\" data-fadeout-percentage=\"30\" data-parallax-content=\"\" data-parallax-content-sense=\"30\" data-row-effect-mobile-disable=\"true\" data-img-parallax-mobile-disable=\"true\" data-rtl=\"false\"  data-custom-vc-row=\"\"  data-vc=\"8.0\"  data-is_old_vc=\"\"  data-theme-support=\"enable\"   data-overlay=\"false\" data-overlay-color=\"\" data-overlay-pattern=\"\" data-overlay-pattern-opacity=\"\" data-overlay-pattern-size=\"\"    ><\/div><div class=\"vc_row wpb_row vc_row-fluid\"><div class=\"container\"><div class=\"sd-centered-wrapper\"><div class=\"wpb_column vc_column_container vc_col-sm-12 vc_hidden-sm vc_hidden-xs\"><div class=\"vc_column-inner\"><div class=\"wpb_wrapper\"><div class=\"ult-spacer spacer-69d72a366dce2\" data-id=\"69d72a366dce2\" data-height=\"110\" data-height-mobile=\"50\" data-height-tab=\"\" data-height-tab-portrait=\"\" data-height-mobile-landscape=\"\" style=\"clear:both;display:block;\"><\/div><div id=\"ultimate-heading-683169d72a366dcf8\" class=\"uvc-heading ult-adjust-bottom-margin ultimate-heading-683169d72a366dcf8 uvc-9669\" data-hspacer=\"no_spacer\"  data-halign=\"center\" style=\"text-align:center\"><div class=\"uvc-heading-spacer no_spacer\" style=\"top\"><\/div><div class=\"uvc-main-heading ult-responsive\"  data-ultimate-target='.uvc-heading.ultimate-heading-683169d72a366dcf8 h2'  data-responsive-json-new='{\"font-size\":\"desktop:46px;tablet:46px;tablet_portrait:46px;mobile_landscape:35px;mobile:35px;\",\"line-height\":\"\"}' ><h2 style=\"font-weight:bold;color:#ffffff;\">EMPOWERING CHILDREN AND STRENGTHENING FAMILIES<\/h2><\/div><\/div><div class=\"ult-spacer spacer-69d72a366dd09\" data-id=\"69d72a366dd09\" data-height=\"110\" data-height-mobile=\"50\" data-height-tab=\"\" data-height-tab-portrait=\"\" data-height-mobile-landscape=\"\" style=\"clear:both;display:block;\"><\/div><\/div><\/div><\/div><\/div><\/div><\/div><!-- Row Backgrounds --><div class=\"upb_bg_img\" data-ultimate-bg=\"url(https:\/\/www.myface.org\/wp-content\/uploads\/2016\/09\/myface-newman-headerv3.jpg)\" data-image-id=\"id^1508|url^http:\/\/www.myface.org\/wp-content\/uploads\/2016\/09\/myface-newman-headerv3.jpg|caption^null|alt^myface Newman Header|title^myface Newman Header|description^null\" data-ultimate-bg-style=\"vcpb-vz-jquery\" data-bg-img-repeat=\"no-repeat\" data-bg-img-size=\"cover\" data-bg-img-position=\"\" data-parallx_sense=\"30\" data-bg-override=\"0\" data-bg_img_attach=\"scroll\" data-upb-overlay-color=\"\" data-upb-bg-animation=\"\" data-fadeout=\"\" data-bg-animation=\"left-animation\" data-bg-animation-type=\"h\" data-animation-repeat=\"repeat\" data-fadeout-percentage=\"30\" data-parallax-content=\"\" data-parallax-content-sense=\"30\" data-row-effect-mobile-disable=\"true\" data-img-parallax-mobile-disable=\"true\" data-rtl=\"false\"  data-custom-vc-row=\"\"  data-vc=\"8.0\"  data-is_old_vc=\"\"  data-theme-support=\"enable\"   data-overlay=\"false\" data-overlay-color=\"\" data-overlay-pattern=\"\" data-overlay-pattern-opacity=\"\" data-overlay-pattern-size=\"\"    ><\/div><div class=\"vc_row wpb_row vc_row-fluid\"><div class=\"wpb_column vc_column_container vc_col-sm-12 vc_col-lg-offset-2 vc_col-lg-8 vc_col-md-offset-1 vc_col-md-10 vc_col-xs-12\"><div class=\"vc_column-inner\"><div class=\"wpb_wrapper\"><div class=\"vc_empty_space\"   style=\"height: 32px\"><span class=\"vc_empty_space_inner\"><\/span><\/div><div class=\"vc_row wpb_row vc_inner vc_row-fluid\"><div class=\"wpb_column vc_column_container vc_col-sm-12\"><div class=\"vc_column-inner\"><div class=\"wpb_wrapper\">\n\t<div class=\"wpb_text_column wpb_content_element white-text\" >\n\t\t<div class=\"wpb_wrapper\">\n\t\t\t<p>Durante casi 70 a\u00f1os, myFace ha trabajado con pacientes y familias para brindar atenci\u00f3n y apoyo integrales. Adem\u00e1s de brindar acceso a atenci\u00f3n m\u00e9dica de vanguardia, myFace brinda otros servicios importantes, como grupos de apoyo emocional, talleres y seminarios web educativos que ofrecen orientaci\u00f3n, asesoramiento y recursos para pacientes, familias y la comunidad craneofacial en general en todo el pa\u00eds.<\/p>\n\n\t\t<\/div>\n\t<\/div>\n<\/div><\/div><\/div><\/div><\/div><\/div><\/div><\/div><!-- Row Backgrounds --><div class=\"upb_color\" data-bg-override=\"0\" data-bg-color=\"#2fbed0\" data-fadeout=\"\" data-fadeout-percentage=\"30\" data-parallax-content=\"\" data-parallax-content-sense=\"30\" data-row-effect-mobile-disable=\"true\" data-img-parallax-mobile-disable=\"true\" data-rtl=\"false\"  data-custom-vc-row=\"\"  data-vc=\"8.0\"  data-is_old_vc=\"\"  data-theme-support=\"enable\"   data-overlay=\"false\" data-overlay-color=\"\" data-overlay-pattern=\"\" data-overlay-pattern-opacity=\"\" data-overlay-pattern-size=\"\"    ><\/div><div class=\"vc_row wpb_row vc_row-fluid\"><div class=\"wpb_column vc_column_container vc_col-sm-12\"><div class=\"vc_column-inner\"><div class=\"wpb_wrapper\"><div class=\"ult-spacer spacer-69d72a366e154\" data-id=\"69d72a366e154\" data-height=\"25\" data-height-mobile=\"0\" data-height-tab=\"0\" data-height-tab-portrait=\"0\" data-height-mobile-landscape=\"0\" style=\"clear:both;display:block;\"><\/div><\/div><\/div><\/div><\/div><!-- Row Backgrounds --><div class=\"upb_color\" data-bg-override=\"0\" data-bg-color=\"#2fbed0\" data-fadeout=\"\" data-fadeout-percentage=\"30\" data-parallax-content=\"\" data-parallax-content-sense=\"30\" data-row-effect-mobile-disable=\"true\" data-img-parallax-mobile-disable=\"true\" data-rtl=\"false\"  data-custom-vc-row=\"\"  data-vc=\"8.0\"  data-is_old_vc=\"\"  data-theme-support=\"enable\"   data-overlay=\"false\" data-overlay-color=\"\" data-overlay-pattern=\"\" data-overlay-pattern-opacity=\"\" data-overlay-pattern-size=\"\"    ><\/div>\n<\/div>","protected":false},"excerpt":{"rendered":"<p><a class=\"sd-more sd-all-trans\" href=\"https:\/\/www.myface.org\/es\/joe-graf-jr-racing\/#more-11085\">Leer m\u00e1s<\/a><\/p>","protected":false},"author":2,"featured_media":0,"parent":0,"menu_order":0,"comment_status":"closed","ping_status":"closed","template":"full-width-page.php","meta":{"footnotes":""},"class_list":["post-11085","page","type-page","status-publish","hentry"],"yoast_head":"<!-- This site is optimized with the Yoast SEO plugin v27.2 - https:\/\/yoast.com\/product\/yoast-seo-wordpress\/ -->\n<title>Join Joe Graf, Jr. for our 8th Annual Races for Faces | myFace<\/title>\n<meta name=\"description\" content=\"Joe Graf Jr. has partnered with myFace to help raise funds, and awareness for the craniofacial community!\" \/>\n<meta name=\"robots\" content=\"index, follow, max-snippet:-1, max-image-preview:large, max-video-preview:-1\" \/>\n<link rel=\"canonical\" href=\"https:\/\/www.myface.org\/es\/joe-graf-jr-racing\/\" \/>\n<meta property=\"og:locale\" content=\"es_ES\" \/>\n<meta property=\"og:type\" content=\"article\" \/>\n<meta property=\"og:title\" content=\"Join Joe Graf, Jr. for our 8th Annual Races for Faces | myFace\" \/>\n<meta property=\"og:description\" content=\"Joe Graf Jr. has partnered with myFace to help raise funds, and awareness for the craniofacial community!\" \/>\n<meta property=\"og:url\" content=\"https:\/\/www.myface.org\/es\/joe-graf-jr-racing\/\" \/>\n<meta property=\"og:site_name\" content=\"myFace\" \/>\n<meta property=\"article:publisher\" content=\"https:\/\/www.facebook.com\/myFaceFoundation\/\" \/>\n<meta property=\"article:modified_time\" content=\"2024-01-18T05:33:40+00:00\" \/>\n<meta property=\"og:image\" content=\"https:\/\/www.myface.org\/wp-content\/uploads\/2020\/08\/myface-races-for-faces-virtual-e1597768456183-1024x434.png\" \/>\n<meta name=\"twitter:card\" content=\"summary_large_image\" \/>\n<meta name=\"twitter:site\" content=\"@thisis_myface\" \/>\n<meta name=\"twitter:label1\" content=\"Tiempo de lectura\" \/>\n\t<meta name=\"twitter:data1\" content=\"2 minutos\" \/>\n<script type=\"application\/ld+json\" class=\"yoast-schema-graph\">{\"@context\":\"https:\/\/schema.org\",\"@graph\":[{\"@type\":\"WebPage\",\"@id\":\"https:\/\/www.myface.org\/joe-graf-jr-racing\/\",\"url\":\"https:\/\/www.myface.org\/joe-graf-jr-racing\/\",\"name\":\"Join Joe Graf, Jr. for our 8th Annual Races for Faces | myFace\",\"isPartOf\":{\"@id\":\"https:\/\/www.myface.org\/#website\"},\"primaryImageOfPage\":{\"@id\":\"https:\/\/www.myface.org\/joe-graf-jr-racing\/#primaryimage\"},\"image\":{\"@id\":\"https:\/\/www.myface.org\/joe-graf-jr-racing\/#primaryimage\"},\"thumbnailUrl\":\"https:\/\/www.myface.org\/wp-content\/uploads\/2020\/08\/myface-races-for-faces-virtual-e1597768456183-1024x434.png\",\"datePublished\":\"2020-09-17T18:56:15+00:00\",\"dateModified\":\"2024-01-18T05:33:40+00:00\",\"description\":\"Joe Graf Jr. has partnered with myFace to help raise funds, and awareness for the craniofacial community!\",\"breadcrumb\":{\"@id\":\"https:\/\/www.myface.org\/joe-graf-jr-racing\/#breadcrumb\"},\"inLanguage\":\"es\",\"potentialAction\":[{\"@type\":\"ReadAction\",\"target\":[\"https:\/\/www.myface.org\/joe-graf-jr-racing\/\"]}]},{\"@type\":\"ImageObject\",\"inLanguage\":\"es\",\"@id\":\"https:\/\/www.myface.org\/joe-graf-jr-racing\/#primaryimage\",\"url\":\"https:\/\/www.myface.org\/wp-content\/uploads\/2020\/08\/myface-races-for-faces-virtual-e1597768456183-1024x434.png\",\"contentUrl\":\"https:\/\/www.myface.org\/wp-content\/uploads\/2020\/08\/myface-races-for-faces-virtual-e1597768456183-1024x434.png\"},{\"@type\":\"BreadcrumbList\",\"@id\":\"https:\/\/www.myface.org\/joe-graf-jr-racing\/#breadcrumb\",\"itemListElement\":[{\"@type\":\"ListItem\",\"position\":1,\"name\":\"Home\",\"item\":\"https:\/\/www.myface.org\/\"},{\"@type\":\"ListItem\",\"position\":2,\"name\":\"myFace and Joe Graf Jr.\"}]},{\"@type\":\"WebSite\",\"@id\":\"https:\/\/www.myface.org\/#website\",\"url\":\"https:\/\/www.myface.org\/\",\"name\":\"myFace\",\"description\":\"We are the National Model for Craniofacial Care and Treatment.\",\"potentialAction\":[{\"@type\":\"SearchAction\",\"target\":{\"@type\":\"EntryPoint\",\"urlTemplate\":\"https:\/\/www.myface.org\/?s={search_term_string}\"},\"query-input\":{\"@type\":\"PropertyValueSpecification\",\"valueRequired\":true,\"valueName\":\"search_term_string\"}}],\"inLanguage\":\"es\"}]}<\/script>\n<!-- \/ Yoast SEO plugin. -->","yoast_head_json":{"title":"Join Joe Graf, Jr. for our 8th Annual Races for Faces | myFace","description":"Joe Graf Jr. has partnered with myFace to help raise funds, and awareness for the craniofacial community!","robots":{"index":"index","follow":"follow","max-snippet":"max-snippet:-1","max-image-preview":"max-image-preview:large","max-video-preview":"max-video-preview:-1"},"canonical":"https:\/\/www.myface.org\/es\/joe-graf-jr-racing\/","og_locale":"es_ES","og_type":"article","og_title":"Join Joe Graf, Jr. for our 8th Annual Races for Faces | myFace","og_description":"Joe Graf Jr. has partnered with myFace to help raise funds, and awareness for the craniofacial community!","og_url":"https:\/\/www.myface.org\/es\/joe-graf-jr-racing\/","og_site_name":"myFace","article_publisher":"https:\/\/www.facebook.com\/myFaceFoundation\/","article_modified_time":"2024-01-18T05:33:40+00:00","og_image":[{"url":"https:\/\/www.myface.org\/wp-content\/uploads\/2020\/08\/myface-races-for-faces-virtual-e1597768456183-1024x434.png","type":"","width":"","height":""}],"twitter_card":"summary_large_image","twitter_site":"@thisis_myface","twitter_misc":{"Tiempo de lectura":"2 minutos"},"schema":{"@context":"https:\/\/schema.org","@graph":[{"@type":"WebPage","@id":"https:\/\/www.myface.org\/joe-graf-jr-racing\/","url":"https:\/\/www.myface.org\/joe-graf-jr-racing\/","name":"Join Joe Graf, Jr. for our 8th Annual Races for Faces | myFace","isPartOf":{"@id":"https:\/\/www.myface.org\/#website"},"primaryImageOfPage":{"@id":"https:\/\/www.myface.org\/joe-graf-jr-racing\/#primaryimage"},"image":{"@id":"https:\/\/www.myface.org\/joe-graf-jr-racing\/#primaryimage"},"thumbnailUrl":"https:\/\/www.myface.org\/wp-content\/uploads\/2020\/08\/myface-races-for-faces-virtual-e1597768456183-1024x434.png","datePublished":"2020-09-17T18:56:15+00:00","dateModified":"2024-01-18T05:33:40+00:00","description":"Joe Graf Jr. has partnered with myFace to help raise funds, and awareness for the craniofacial community!","breadcrumb":{"@id":"https:\/\/www.myface.org\/joe-graf-jr-racing\/#breadcrumb"},"inLanguage":"es","potentialAction":[{"@type":"ReadAction","target":["https:\/\/www.myface.org\/joe-graf-jr-racing\/"]}]},{"@type":"ImageObject","inLanguage":"es","@id":"https:\/\/www.myface.org\/joe-graf-jr-racing\/#primaryimage","url":"https:\/\/www.myface.org\/wp-content\/uploads\/2020\/08\/myface-races-for-faces-virtual-e1597768456183-1024x434.png","contentUrl":"https:\/\/www.myface.org\/wp-content\/uploads\/2020\/08\/myface-races-for-faces-virtual-e1597768456183-1024x434.png"},{"@type":"BreadcrumbList","@id":"https:\/\/www.myface.org\/joe-graf-jr-racing\/#breadcrumb","itemListElement":[{"@type":"ListItem","position":1,"name":"Home","item":"https:\/\/www.myface.org\/"},{"@type":"ListItem","position":2,"name":"myFace and Joe Graf Jr."}]},{"@type":"WebSite","@id":"https:\/\/www.myface.org\/#website","url":"https:\/\/www.myface.org\/","name":"de myFace","description":"Somos el Modelo Nacional de Atenci\u00f3n y Tratamiento Craneofacial.","potentialAction":[{"@type":"SearchAction","target":{"@type":"EntryPoint","urlTemplate":"https:\/\/www.myface.org\/?s={search_term_string}"},"query-input":{"@type":"PropertyValueSpecification","valueRequired":true,"valueName":"search_term_string"}}],"inLanguage":"es"}]}},"_links":{"self":[{"href":"https:\/\/www.myface.org\/es\/wp-json\/wp\/v2\/pages\/11085","targetHints":{"allow":["GET"]}}],"collection":[{"href":"https:\/\/www.myface.org\/es\/wp-json\/wp\/v2\/pages"}],"about":[{"href":"https:\/\/www.myface.org\/es\/wp-json\/wp\/v2\/types\/page"}],"author":[{"embeddable":true,"href":"https:\/\/www.myface.org\/es\/wp-json\/wp\/v2\/users\/2"}],"replies":[{"embeddable":true,"href":"https:\/\/www.myface.org\/es\/wp-json\/wp\/v2\/comments?post=11085"}],"version-history":[{"count":42,"href":"https:\/\/www.myface.org\/es\/wp-json\/wp\/v2\/pages\/11085\/revisions"}],"predecessor-version":[{"id":19805,"href":"https:\/\/www.myface.org\/es\/wp-json\/wp\/v2\/pages\/11085\/revisions\/19805"}],"wp:attachment":[{"href":"https:\/\/www.myface.org\/es\/wp-json\/wp\/v2\/media?parent=11085"}],"curies":[{"name":"wp","href":"https:\/\/api.w.org\/{rel}","templated":true}]}}