{"id":10683,"date":"2020-09-03T17:50:30","date_gmt":"2020-09-03T21:50:30","guid":{"rendered":"https:\/\/www.myface.org\/?page_id=10683"},"modified":"2024-01-18T00:23:31","modified_gmt":"2024-01-18T05:23:31","slug":"cousin-brucie","status":"publish","type":"page","link":"https:\/\/www.myface.org\/es\/cousin-brucie\/","title":{"rendered":"myFace and Cousin Brucie"},"content":{"rendered":"<div class=\"wpb-content-wrapper\"><div class=\"vc_row wpb_row vc_row-fluid\"><div class=\"container\"><div class=\"sd-centered-wrapper\"><div class=\"wpb_column vc_column_container vc_col-sm-12\"><div class=\"vc_column-inner\"><div class=\"wpb_wrapper\"><div class=\"ult-spacer spacer-69d72a345b9dd\" data-id=\"69d72a345b9dd\" data-height=\"80\" data-height-mobile=\"50\" data-height-tab=\"\" data-height-tab-portrait=\"\" data-height-mobile-landscape=\"\" style=\"clear:both;display:block;\"><\/div><div id=\"ultimate-heading-245869d72a345ba11\" class=\"uvc-heading ult-adjust-bottom-margin ultimate-heading-245869d72a345ba11 uvc-7786\" data-hspacer=\"no_spacer\"  data-halign=\"center\" style=\"text-align:center\"><div class=\"uvc-heading-spacer no_spacer\" style=\"top\"><\/div><div class=\"uvc-main-heading ult-responsive\"  data-ultimate-target='.uvc-heading.ultimate-heading-245869d72a345ba11 h2'  data-responsive-json-new='{\"font-size\":\"desktop:46px;tablet:46px;tablet_portrait:46px;mobile_landscape:35px;mobile:35px;\",\"line-height\":\"\"}' ><h2 style=\"font-weight:bold;color:rgba(255,255,255,0.68);\">Join myFace and Cousin Brucie for our 8th Annual Races for Faces Event<\/h2><\/div><\/div><div class=\"ult-spacer spacer-69d72a345ba2a\" data-id=\"69d72a345ba2a\" data-height=\"80\" data-height-mobile=\"50\" data-height-tab=\"\" data-height-tab-portrait=\"\" data-height-mobile-landscape=\"\" style=\"clear:both;display:block;\"><\/div><\/div><\/div><\/div><\/div><\/div><\/div><!-- Row Backgrounds --><div class=\"upb_color\" data-bg-override=\"0\" data-bg-color=\"#2fbdd0\" data-fadeout=\"\" data-fadeout-percentage=\"30\" data-parallax-content=\"\" data-parallax-content-sense=\"30\" data-row-effect-mobile-disable=\"true\" data-img-parallax-mobile-disable=\"true\" data-rtl=\"false\"  data-custom-vc-row=\"\"  data-vc=\"8.0\"  data-is_old_vc=\"\"  data-theme-support=\"enable\"   data-overlay=\"false\" data-overlay-color=\"\" data-overlay-pattern=\"\" data-overlay-pattern-opacity=\"\" data-overlay-pattern-size=\"\"    ><\/div><div class=\"vc_row wpb_row vc_row-fluid\"><div class=\"wpb_column vc_column_container vc_col-sm-10 vc_col-lg-offset-3 vc_col-lg-6 vc_col-md-offset-1 vc_col-md-10 vc_col-xs-12\"><div class=\"vc_column-inner\"><div class=\"wpb_wrapper\"><div class=\"ult-spacer spacer-69d72a345bbfa\" data-id=\"69d72a345bbfa\" data-height=\"15\" data-height-mobile=\"0\" data-height-tab=\"15\" data-height-tab-portrait=\"15\" data-height-mobile-landscape=\"15\" style=\"clear:both;display:block;\"><\/div><div id=\"ultimate-heading-988269d72a345bc0b\" class=\"uvc-heading ult-adjust-bottom-margin ultimate-heading-988269d72a345bc0b uvc-80\" data-hspacer=\"no_spacer\"  data-halign=\"center\" style=\"text-align:center\"><div class=\"uvc-heading-spacer no_spacer\" style=\"top\"><\/div><div class=\"uvc-sub-heading ult-responsive\"  data-ultimate-target='.uvc-heading.ultimate-heading-988269d72a345bc0b .uvc-sub-heading '  data-responsive-json-new='{\"font-size\":\"\",\"line-height\":\"\"}'  style=\"font-weight:normal;\"><\/p>\n<h2>myFace is proud to partner with WABC and Cousin Brucie for Craniofacial Acceptance Month!<\/h2>\n<p><\/div><\/div><div class=\"vc_row wpb_row vc_inner vc_row-fluid\"><div class=\"wpb_column vc_column_container vc_col-sm-12\"><div class=\"vc_column-inner\"><div class=\"wpb_wrapper\"><div class=\"vc_empty_space\"   style=\"height: 32px\"><span class=\"vc_empty_space_inner\"><\/span><\/div>\n\t<div class=\"wpb_text_column wpb_content_element\" >\n\t\t<div class=\"wpb_wrapper\">\n\t\t\t<p>myFace is an organization near and dear to Cousin Brucie\u2019s heart. Cousin Brucie has been an active member of the myFace community for more than three decades. He has seen firsthand the impact myFace has on the lives of so many deserving patients and families.<\/p>\n<p>September is Craniofacial Acceptance Month and on Saturday, September 26th, myFace will host our <a href=\"https:\/\/p2p.onecause.com\/2020-racesforfaces\"><strong>8th Annual Races for Faces Event<\/strong><\/a> to raise critical funds and awareness. myFace has pivoted and this year\u2019s event will be virtual so that everyone anywhere can join! Races for Faces brings families together, celebrates differences while promoting acceptance.<\/p>\n\n\t\t<\/div>\n\t<\/div>\n<\/div><\/div><\/div><\/div><\/div><\/div><\/div><\/div><!-- Row Backgrounds --><div class=\"upb_color\" data-bg-override=\"0\" data-bg-color=\"\" data-fadeout=\"\" data-fadeout-percentage=\"30\" data-parallax-content=\"\" data-parallax-content-sense=\"30\" data-row-effect-mobile-disable=\"true\" data-img-parallax-mobile-disable=\"true\" data-rtl=\"false\"  data-custom-vc-row=\"\"  data-vc=\"8.0\"  data-is_old_vc=\"\"  data-theme-support=\"enable\"   data-overlay=\"false\" data-overlay-color=\"\" data-overlay-pattern=\"\" data-overlay-pattern-opacity=\"\" data-overlay-pattern-size=\"\"    ><\/div><div class=\"vc_row wpb_row vc_row-fluid\"><div class=\"wpb_column vc_column_container vc_col-sm-12 vc_col-lg-offset-0 vc_col-md-offset-0 vc_col-sm-offset-0\"><div class=\"vc_column-inner\"><div class=\"wpb_wrapper\"><div class=\"vc_row wpb_row vc_inner vc_row-fluid\"><div class=\"wpb_column vc_column_container vc_col-sm-4 vc_col-xs-10\"><div class=\"vc_column-inner vc_custom_1600199422841\"><div class=\"wpb_wrapper\">\n\t<div  class=\"wpb_single_image wpb_content_element vc_align_center wpb_content_element wpb_animate_when_almost_visible wpb_bottom-to-top bottom-to-top\">\n\t\t\n\t\t<figure class=\"wpb_wrapper vc_figure\">\n\t\t\t<div class=\"vc_single_image-wrapper   vc_box_border_grey\"><img loading=\"lazy\" decoding=\"async\" width=\"1024\" height=\"708\" src=\"https:\/\/www.myface.org\/wp-content\/uploads\/2020\/09\/cousin-brucie-1024x708.png\" class=\"vc_single_image-img attachment-large\" alt=\"\" title=\"cousin brucie\" srcset=\"https:\/\/www.myface.org\/wp-content\/uploads\/2020\/09\/cousin-brucie-1024x708.png 1024w, https:\/\/www.myface.org\/wp-content\/uploads\/2020\/09\/cousin-brucie-300x207.png 300w, https:\/\/www.myface.org\/wp-content\/uploads\/2020\/09\/cousin-brucie-768x531.png 768w, https:\/\/www.myface.org\/wp-content\/uploads\/2020\/09\/cousin-brucie.png 1189w\" sizes=\"auto, (max-width: 1024px) 100vw, 1024px\" \/><\/div>\n\t\t<\/figure>\n\t<\/div>\n<\/div><\/div><\/div><div class=\"wpb_column vc_column_container vc_col-sm-8\"><div class=\"vc_column-inner\"><div class=\"wpb_wrapper\"><div class=\"vc_empty_space\"   style=\"height: 45px\"><span class=\"vc_empty_space_inner\"><\/span><\/div>\n\t<div class=\"wpb_text_column wpb_content_element\" >\n\t\t<div class=\"wpb_wrapper\">\n\t\t\t<blockquote>\n<p>\u201cI\u2019ve been involved with myFace for many years along with my wife, Jodie. We\u2019ve met such amazing and talented kids who inspire us despite the tremendous challenges they face. We\u2019ve watched many of them grow up and blossom into accomplished adults. We know that the more people myFace can reach, the more they can help those who need it. But they can\u2019t do it without your support.\u201d<\/p>\n<p>Cousin Brucie<\/p>\n<\/blockquote>\n\n\t\t<\/div>\n\t<\/div>\n\n\t<div class=\"wpb_text_column wpb_content_element\" >\n\t\t<div class=\"wpb_wrapper\">\n\t\t\t<p>Please listen to these clips from his inaugural show on <a href=\"https:\/\/www.myface.org\/wp-content\/uploads\/2020\/09\/WABC-MYFACE-COUSIN-BRUCIE-9.5_624P.mp3\">September 5th<\/a> and from his <a href=\"https:\/\/www.myface.org\/wp-content\/uploads\/2020\/09\/WABC-MYFACE-COUSIN-9.12_751p.mp3\">September 12th<\/a> show.<\/p>\n\n\t\t<\/div>\n\t<\/div>\n\n\t<div class=\"wpb_raw_code wpb_raw_html wpb_content_element\" >\n\t\t<div class=\"wpb_wrapper\">\n\t\t\t<b>September 5th<\/b><br>\n<audio class=\"wp-audio-shortcode\" id=\"audio-156256-1\" preload=\"none\" style=\"width: 50%;\" controls=\"controls\"><source type=\"audio\/mpeg\" src=\"https:\/\/www.myface.org\/wp-content\/uploads\/2020\/09\/WABC-MYFACE-COUSIN-BRUCIE-9.5_624P.mp3\"><a href=\"https:\/\/www.myface.org\/wp-content\/uploads\/2020\/09\/WABC-MYFACE-COUSIN-BRUCIE-9.5_624P.mp3\">https:\/\/www.myface.org\/wp-content\/uploads\/2020\/09\/WABC-MYFACE-COUSIN-BRUCIE-9.5_624P.mp3<\/a><\/audio><br>\n<b>September 12th<\/b><br>\n<audio class=\"wp-audio-shortcode\" id=\"audio-156256-1\" preload=\"none\" style=\"width: 50%;\" controls=\"controls\"><source type=\"audio\/mpeg\" src=\"https:\/\/www.myface.org\/wp-content\/uploads\/2020\/09\/WABC-MYFACE-COUSIN-9.12_751p.mp3\"><a href=\"https:\/\/www.myface.org\/wp-content\/uploads\/2020\/09\/WABC-MYFACE-COUSIN-9.12_751p.mp3\">https:\/\/www.myface.org\/wp-content\/uploads\/2020\/09\/WABC-MYFACE-COUSIN-9.12_751p.mp3<\/a><\/audio>\n\t\t<\/div>\n\t<\/div>\n<\/div><\/div><\/div><\/div><div class=\"vc_empty_space\"   style=\"height: 40px\"><span class=\"vc_empty_space_inner\"><\/span><\/div><\/div><\/div><\/div><\/div><div class=\"vc_row wpb_row vc_row-fluid\"><div class=\"wpb_column vc_column_container vc_col-sm-12 vc_col-lg-offset-3 vc_col-lg-6 vc_col-md-offset-1 vc_col-md-10 vc_col-has-fill\"><div class=\"vc_column-inner vc_custom_1599152539976\"><div class=\"wpb_wrapper\"><div class=\"vc_empty_space\"   style=\"height: 40px\"><span class=\"vc_empty_space_inner\"><\/span><\/div><div id=\"ultimate-heading-674469d72a345c83b\" class=\"uvc-heading ult-adjust-bottom-margin ultimate-heading-674469d72a345c83b uvc-7992\" data-hspacer=\"no_spacer\"  data-halign=\"center\" style=\"text-align:center\"><div class=\"uvc-heading-spacer no_spacer\" style=\"top\"><\/div><div class=\"uvc-sub-heading ult-responsive\"  data-ultimate-target='.uvc-heading.ultimate-heading-674469d72a345c83b .uvc-sub-heading '  data-responsive-json-new='{\"font-size\":\"desktop:32px;mobile:27px;\",\"line-height\":\"desktop:38px;mobile:35px;\"}'  style=\"font-weight:bold;color:#ffffff;\"><\/p>\n<h3>Join Cousin Brucie as he participates with his wife, Jodie, in our Races for Faces Virtual Event.<\/h3>\n<p><\/div><\/div><div class=\"vc_empty_space\"   style=\"height: 25px\"><span class=\"vc_empty_space_inner\"><\/span><\/div>\n\t<div  class=\"wpb_single_image wpb_content_element vc_align_center wpb_content_element vc_custom_1599172580451\">\n\t\t\n\t\t<figure class=\"wpb_wrapper vc_figure\">\n\t\t\t<a href=\"https:\/\/p2p.onecause.com\/racesforfaces\/home\" target=\"_blank\" class=\"vc_single_image-wrapper   vc_box_border_grey\"><img loading=\"lazy\" decoding=\"async\" width=\"1024\" height=\"434\" src=\"https:\/\/www.myface.org\/wp-content\/uploads\/2020\/08\/myface-races-for-faces-virtual-e1597768456183-1024x434.png\" class=\"vc_single_image-img attachment-large\" alt=\"\" title=\"myface-races-for-faces-virtual\" srcset=\"https:\/\/www.myface.org\/wp-content\/uploads\/2020\/08\/myface-races-for-faces-virtual-e1597768456183-1024x434.png 1024w, https:\/\/www.myface.org\/wp-content\/uploads\/2020\/08\/myface-races-for-faces-virtual-e1597768456183-300x127.png 300w, https:\/\/www.myface.org\/wp-content\/uploads\/2020\/08\/myface-races-for-faces-virtual-e1597768456183-768x326.png 768w, https:\/\/www.myface.org\/wp-content\/uploads\/2020\/08\/myface-races-for-faces-virtual-e1597768456183.png 1275w\" sizes=\"auto, (max-width: 1024px) 100vw, 1024px\" \/><\/a>\n\t\t<\/figure>\n\t<\/div>\n<div class=\"vc_empty_space\"   style=\"height: 10px\"><span class=\"vc_empty_space_inner\"><\/span><\/div><div class=\"vc_row wpb_row vc_inner vc_row-fluid vc_custom_1599152511349 vc_row-has-fill\"><div class=\"wpb_column vc_column_container vc_col-sm-12\"><div class=\"vc_column-inner\"><div class=\"wpb_wrapper\"><div class=\"vc_empty_space\"   style=\"height: 10px\"><span class=\"vc_empty_space_inner\"><\/span><\/div>\n\t<div class=\"wpb_text_column wpb_content_element black-text\" >\n\t\t<div class=\"wpb_wrapper\">\n\t\t\t<p>You can even<strong> join their team The Cuz&#8217;s Crew<\/strong> or you can <strong><a href=\"https:\/\/p2p.onecause.com\/2020-racesforfaces\" target=\"_blank\" rel=\"noopener noreferrer\">start a team of your own<\/a><\/strong> or just <strong><a href=\"https:\/\/p2p.onecause.com\/2020-racesforfaces\" target=\"_blank\" rel=\"noopener noreferrer\">make a donation<\/a><\/strong> &#8211; and help make a difference in someone&#8217;s life who needs it most.<\/p>\n\n\t\t<\/div>\n\t<\/div>\n<div class=\"vc_empty_space\"   style=\"height: 10px\"><span class=\"vc_empty_space_inner\"><\/span><\/div><div class=\"vc_empty_space\"   style=\"height: 20px\"><span class=\"vc_empty_space_inner\"><\/span><\/div>\n\t<div class=\"wpb_text_column wpb_content_element\" >\n\t\t<div class=\"wpb_wrapper\">\n\t\t\t<p style=\"text-align: left;\">It&#8217;s the support from people like you that make the work we do even possible!<\/p>\n\n\t\t<\/div>\n\t<\/div>\n<\/div><\/div><\/div><\/div><\/div><\/div><\/div><div class=\"wpb_column vc_column_container vc_col-sm-12\"><div class=\"vc_column-inner\"><div class=\"wpb_wrapper\"><\/div><\/div><\/div><\/div><!-- Row Backgrounds --><div class=\"upb_color\" data-bg-override=\"0\" data-bg-color=\"#f2f2f2\" data-fadeout=\"\" data-fadeout-percentage=\"30\" data-parallax-content=\"\" data-parallax-content-sense=\"30\" data-row-effect-mobile-disable=\"true\" data-img-parallax-mobile-disable=\"true\" data-rtl=\"false\"  data-custom-vc-row=\"\"  data-vc=\"8.0\"  data-is_old_vc=\"\"  data-theme-support=\"enable\"   data-overlay=\"false\" data-overlay-color=\"\" data-overlay-pattern=\"\" data-overlay-pattern-opacity=\"\" data-overlay-pattern-size=\"\"    ><\/div><div class=\"vc_row wpb_row vc_row-fluid\"><div class=\"container\"><div class=\"sd-centered-wrapper\"><div class=\"wpb_column vc_column_container vc_col-sm-12 vc_hidden-sm vc_hidden-xs\"><div class=\"vc_column-inner\"><div class=\"wpb_wrapper\"><div class=\"ult-spacer spacer-69d72a345cd6b\" data-id=\"69d72a345cd6b\" data-height=\"110\" data-height-mobile=\"50\" data-height-tab=\"\" data-height-tab-portrait=\"\" data-height-mobile-landscape=\"\" style=\"clear:both;display:block;\"><\/div><div id=\"ultimate-heading-376769d72a345cd7d\" class=\"uvc-heading ult-adjust-bottom-margin ultimate-heading-376769d72a345cd7d uvc-2960\" data-hspacer=\"no_spacer\"  data-halign=\"center\" style=\"text-align:center\"><div class=\"uvc-heading-spacer no_spacer\" style=\"top\"><\/div><div class=\"uvc-main-heading ult-responsive\"  data-ultimate-target='.uvc-heading.ultimate-heading-376769d72a345cd7d h2'  data-responsive-json-new='{\"font-size\":\"desktop:46px;tablet:46px;tablet_portrait:46px;mobile_landscape:35px;mobile:35px;\",\"line-height\":\"\"}' ><h2 style=\"font-weight:bold;color:#ffffff;\">EMPOWERING CHILDREN AND STRENGTHENING FAMILIES<\/h2><\/div><\/div><div class=\"ult-spacer spacer-69d72a345cd8d\" data-id=\"69d72a345cd8d\" data-height=\"110\" data-height-mobile=\"50\" data-height-tab=\"\" data-height-tab-portrait=\"\" data-height-mobile-landscape=\"\" style=\"clear:both;display:block;\"><\/div><\/div><\/div><\/div><\/div><\/div><\/div><!-- Row Backgrounds --><div class=\"upb_bg_img\" data-ultimate-bg=\"url(https:\/\/www.myface.org\/wp-content\/uploads\/2016\/09\/myface-newman-headerv3.jpg)\" data-image-id=\"id^1508|url^http:\/\/www.myface.org\/wp-content\/uploads\/2016\/09\/myface-newman-headerv3.jpg|caption^null|alt^myface Newman Header|title^myface Newman Header|description^null\" data-ultimate-bg-style=\"vcpb-vz-jquery\" data-bg-img-repeat=\"no-repeat\" data-bg-img-size=\"cover\" data-bg-img-position=\"\" data-parallx_sense=\"30\" data-bg-override=\"0\" data-bg_img_attach=\"scroll\" data-upb-overlay-color=\"\" data-upb-bg-animation=\"\" data-fadeout=\"\" data-bg-animation=\"left-animation\" data-bg-animation-type=\"h\" data-animation-repeat=\"repeat\" data-fadeout-percentage=\"30\" data-parallax-content=\"\" data-parallax-content-sense=\"30\" data-row-effect-mobile-disable=\"true\" data-img-parallax-mobile-disable=\"true\" data-rtl=\"false\"  data-custom-vc-row=\"\"  data-vc=\"8.0\"  data-is_old_vc=\"\"  data-theme-support=\"enable\"   data-overlay=\"false\" data-overlay-color=\"\" data-overlay-pattern=\"\" data-overlay-pattern-opacity=\"\" data-overlay-pattern-size=\"\"    ><\/div><div class=\"vc_row wpb_row vc_row-fluid\"><div class=\"wpb_column vc_column_container vc_col-sm-12 vc_col-lg-offset-2 vc_col-lg-8 vc_col-md-offset-1 vc_col-md-10 vc_col-xs-12\"><div class=\"vc_column-inner\"><div class=\"wpb_wrapper\"><div class=\"vc_empty_space\"   style=\"height: 32px\"><span class=\"vc_empty_space_inner\"><\/span><\/div><div class=\"vc_row wpb_row vc_inner vc_row-fluid\"><div class=\"wpb_column vc_column_container vc_col-sm-12\"><div class=\"vc_column-inner\"><div class=\"wpb_wrapper\">\n\t<div class=\"wpb_text_column wpb_content_element white-text\" >\n\t\t<div class=\"wpb_wrapper\">\n\t\t\t<p>Durante casi 70 a\u00f1os, myFace ha trabajado con pacientes y familias para brindar atenci\u00f3n y apoyo integrales. Adem\u00e1s de brindar acceso a atenci\u00f3n m\u00e9dica de vanguardia, myFace brinda otros servicios importantes, como grupos de apoyo emocional, talleres y seminarios web educativos que ofrecen orientaci\u00f3n, asesoramiento y recursos para pacientes, familias y la comunidad craneofacial en general en todo el pa\u00eds.<\/p>\n\n\t\t<\/div>\n\t<\/div>\n<\/div><\/div><\/div><\/div><\/div><\/div><\/div><\/div><!-- Row Backgrounds --><div class=\"upb_color\" data-bg-override=\"0\" data-bg-color=\"#2fbed0\" data-fadeout=\"\" data-fadeout-percentage=\"30\" data-parallax-content=\"\" data-parallax-content-sense=\"30\" data-row-effect-mobile-disable=\"true\" data-img-parallax-mobile-disable=\"true\" data-rtl=\"false\"  data-custom-vc-row=\"\"  data-vc=\"8.0\"  data-is_old_vc=\"\"  data-theme-support=\"enable\"   data-overlay=\"false\" data-overlay-color=\"\" data-overlay-pattern=\"\" data-overlay-pattern-opacity=\"\" data-overlay-pattern-size=\"\"    ><\/div><div class=\"vc_row wpb_row vc_row-fluid\"><div class=\"wpb_column vc_column_container vc_col-sm-12\"><div class=\"vc_column-inner\"><div class=\"wpb_wrapper\"><div class=\"ult-spacer spacer-69d72a345d224\" data-id=\"69d72a345d224\" data-height=\"25\" data-height-mobile=\"0\" data-height-tab=\"0\" data-height-tab-portrait=\"0\" data-height-mobile-landscape=\"0\" style=\"clear:both;display:block;\"><\/div><\/div><\/div><\/div><\/div><!-- Row Backgrounds --><div class=\"upb_color\" data-bg-override=\"0\" data-bg-color=\"#2fbed0\" data-fadeout=\"\" data-fadeout-percentage=\"30\" data-parallax-content=\"\" data-parallax-content-sense=\"30\" data-row-effect-mobile-disable=\"true\" data-img-parallax-mobile-disable=\"true\" data-rtl=\"false\"  data-custom-vc-row=\"\"  data-vc=\"8.0\"  data-is_old_vc=\"\"  data-theme-support=\"enable\"   data-overlay=\"false\" data-overlay-color=\"\" data-overlay-pattern=\"\" data-overlay-pattern-opacity=\"\" data-overlay-pattern-size=\"\"    ><\/div>\n<\/div>","protected":false},"excerpt":{"rendered":"<p><a class=\"sd-more sd-all-trans\" href=\"https:\/\/www.myface.org\/es\/cousin-brucie\/#more-10683\">Leer m\u00e1s<\/a><\/p>","protected":false},"author":14,"featured_media":0,"parent":0,"menu_order":0,"comment_status":"closed","ping_status":"closed","template":"full-width-page.php","meta":{"footnotes":""},"class_list":["post-10683","page","type-page","status-publish","hentry"],"yoast_head":"<!-- This site is optimized with the Yoast SEO plugin v27.2 - https:\/\/yoast.com\/product\/yoast-seo-wordpress\/ -->\n<title>Join Cousin Brucie in the 8th Annual Races for Faces | myFace<\/title>\n<meta name=\"description\" content=\"Founded in 1955 with the support of myFace, the Hansj\u00f6rg Wyss Department of Plastic Surgery provides comprehensive care for patients requiring reconstructiv\" \/>\n<meta name=\"robots\" content=\"index, follow, max-snippet:-1, max-image-preview:large, max-video-preview:-1\" \/>\n<link rel=\"canonical\" href=\"https:\/\/www.myface.org\/es\/cousin-brucie\/\" \/>\n<meta property=\"og:locale\" content=\"es_ES\" \/>\n<meta property=\"og:type\" content=\"article\" \/>\n<meta property=\"og:title\" content=\"Join Cousin Brucie in the 8th Annual Races for Faces | myFace\" \/>\n<meta property=\"og:description\" content=\"Founded in 1955 with the support of myFace, the Hansj\u00f6rg Wyss Department of Plastic Surgery provides comprehensive care for patients requiring reconstructiv\" \/>\n<meta property=\"og:url\" content=\"https:\/\/www.myface.org\/es\/cousin-brucie\/\" \/>\n<meta property=\"og:site_name\" content=\"myFace\" \/>\n<meta property=\"article:publisher\" content=\"https:\/\/www.facebook.com\/myFaceFoundation\/\" \/>\n<meta property=\"article:modified_time\" content=\"2024-01-18T05:23:31+00:00\" \/>\n<meta name=\"twitter:card\" content=\"summary_large_image\" \/>\n<meta name=\"twitter:site\" content=\"@thisis_myface\" \/>\n<meta name=\"twitter:label1\" content=\"Tiempo de lectura\" \/>\n\t<meta name=\"twitter:data1\" content=\"5 minutos\" \/>\n<script type=\"application\/ld+json\" class=\"yoast-schema-graph\">{\"@context\":\"https:\/\/schema.org\",\"@graph\":[{\"@type\":\"WebPage\",\"@id\":\"https:\/\/www.myface.org\/cousin-brucie\/\",\"url\":\"https:\/\/www.myface.org\/cousin-brucie\/\",\"name\":\"Join Cousin Brucie in the 8th Annual Races for Faces | myFace\",\"isPartOf\":{\"@id\":\"https:\/\/www.myface.org\/#website\"},\"datePublished\":\"2020-09-03T21:50:30+00:00\",\"dateModified\":\"2024-01-18T05:23:31+00:00\",\"description\":\"Founded in 1955 with the support of myFace, the Hansj\u00f6rg Wyss Department of Plastic Surgery provides comprehensive care for patients requiring reconstructiv\",\"breadcrumb\":{\"@id\":\"https:\/\/www.myface.org\/cousin-brucie\/#breadcrumb\"},\"inLanguage\":\"es\",\"potentialAction\":[{\"@type\":\"ReadAction\",\"target\":[\"https:\/\/www.myface.org\/cousin-brucie\/\"]}]},{\"@type\":\"BreadcrumbList\",\"@id\":\"https:\/\/www.myface.org\/cousin-brucie\/#breadcrumb\",\"itemListElement\":[{\"@type\":\"ListItem\",\"position\":1,\"name\":\"Home\",\"item\":\"https:\/\/www.myface.org\/\"},{\"@type\":\"ListItem\",\"position\":2,\"name\":\"myFace and Cousin Brucie\"}]},{\"@type\":\"WebSite\",\"@id\":\"https:\/\/www.myface.org\/#website\",\"url\":\"https:\/\/www.myface.org\/\",\"name\":\"myFace\",\"description\":\"We are the National Model for Craniofacial Care and Treatment.\",\"potentialAction\":[{\"@type\":\"SearchAction\",\"target\":{\"@type\":\"EntryPoint\",\"urlTemplate\":\"https:\/\/www.myface.org\/?s={search_term_string}\"},\"query-input\":{\"@type\":\"PropertyValueSpecification\",\"valueRequired\":true,\"valueName\":\"search_term_string\"}}],\"inLanguage\":\"es\"}]}<\/script>\n<!-- \/ Yoast SEO plugin. -->","yoast_head_json":{"title":"Join Cousin Brucie in the 8th Annual Races for Faces | myFace","description":"Founded in 1955 with the support of myFace, the Hansj\u00f6rg Wyss Department of Plastic Surgery provides comprehensive care for patients requiring reconstructiv","robots":{"index":"index","follow":"follow","max-snippet":"max-snippet:-1","max-image-preview":"max-image-preview:large","max-video-preview":"max-video-preview:-1"},"canonical":"https:\/\/www.myface.org\/es\/cousin-brucie\/","og_locale":"es_ES","og_type":"article","og_title":"Join Cousin Brucie in the 8th Annual Races for Faces | myFace","og_description":"Founded in 1955 with the support of myFace, the Hansj\u00f6rg Wyss Department of Plastic Surgery provides comprehensive care for patients requiring reconstructiv","og_url":"https:\/\/www.myface.org\/es\/cousin-brucie\/","og_site_name":"myFace","article_publisher":"https:\/\/www.facebook.com\/myFaceFoundation\/","article_modified_time":"2024-01-18T05:23:31+00:00","twitter_card":"summary_large_image","twitter_site":"@thisis_myface","twitter_misc":{"Tiempo de lectura":"5 minutos"},"schema":{"@context":"https:\/\/schema.org","@graph":[{"@type":"WebPage","@id":"https:\/\/www.myface.org\/cousin-brucie\/","url":"https:\/\/www.myface.org\/cousin-brucie\/","name":"Join Cousin Brucie in the 8th Annual Races for Faces | myFace","isPartOf":{"@id":"https:\/\/www.myface.org\/#website"},"datePublished":"2020-09-03T21:50:30+00:00","dateModified":"2024-01-18T05:23:31+00:00","description":"Founded in 1955 with the support of myFace, the Hansj\u00f6rg Wyss Department of Plastic Surgery provides comprehensive care for patients requiring reconstructiv","breadcrumb":{"@id":"https:\/\/www.myface.org\/cousin-brucie\/#breadcrumb"},"inLanguage":"es","potentialAction":[{"@type":"ReadAction","target":["https:\/\/www.myface.org\/cousin-brucie\/"]}]},{"@type":"BreadcrumbList","@id":"https:\/\/www.myface.org\/cousin-brucie\/#breadcrumb","itemListElement":[{"@type":"ListItem","position":1,"name":"Home","item":"https:\/\/www.myface.org\/"},{"@type":"ListItem","position":2,"name":"myFace and Cousin Brucie"}]},{"@type":"WebSite","@id":"https:\/\/www.myface.org\/#website","url":"https:\/\/www.myface.org\/","name":"de myFace","description":"Somos el Modelo Nacional de Atenci\u00f3n y Tratamiento Craneofacial.","potentialAction":[{"@type":"SearchAction","target":{"@type":"EntryPoint","urlTemplate":"https:\/\/www.myface.org\/?s={search_term_string}"},"query-input":{"@type":"PropertyValueSpecification","valueRequired":true,"valueName":"search_term_string"}}],"inLanguage":"es"}]}},"_links":{"self":[{"href":"https:\/\/www.myface.org\/es\/wp-json\/wp\/v2\/pages\/10683","targetHints":{"allow":["GET"]}}],"collection":[{"href":"https:\/\/www.myface.org\/es\/wp-json\/wp\/v2\/pages"}],"about":[{"href":"https:\/\/www.myface.org\/es\/wp-json\/wp\/v2\/types\/page"}],"author":[{"embeddable":true,"href":"https:\/\/www.myface.org\/es\/wp-json\/wp\/v2\/users\/14"}],"replies":[{"embeddable":true,"href":"https:\/\/www.myface.org\/es\/wp-json\/wp\/v2\/comments?post=10683"}],"version-history":[{"count":143,"href":"https:\/\/www.myface.org\/es\/wp-json\/wp\/v2\/pages\/10683\/revisions"}],"predecessor-version":[{"id":19801,"href":"https:\/\/www.myface.org\/es\/wp-json\/wp\/v2\/pages\/10683\/revisions\/19801"}],"wp:attachment":[{"href":"https:\/\/www.myface.org\/es\/wp-json\/wp\/v2\/media?parent=10683"}],"curies":[{"name":"wp","href":"https:\/\/api.w.org\/{rel}","templated":true}]}}